{"id":929,"date":"2024-05-24T07:32:55","date_gmt":"2024-05-24T05:32:55","guid":{"rendered":"https:\/\/www.glassgourmet.es\/suports-de-taula\/"},"modified":"2024-07-04T23:06:06","modified_gmt":"2024-07-04T21:06:06","slug":"suports-de-taula","status":"publish","type":"page","link":"https:\/\/www.glassgourmet.es\/ca\/suports-de-taula\/","title":{"rendered":"Suports de taula"},"content":{"rendered":"\t\t<div data-elementor-type=\"wp-page\" data-elementor-id=\"929\" class=\"elementor elementor-929 elementor-139\" data-elementor-post-type=\"page\">\n\t\t\t\t<div class=\"elementor-element elementor-element-3ffea40 e-con-full e-flex e-con e-parent\" data-id=\"3ffea40\" data-element_type=\"container\" data-settings=\"{&quot;background_background&quot;:&quot;classic&quot;}\">\n\t\t\t\t<div class=\"elementor-element elementor-element-302e9f9 elementor-widget elementor-widget-spacer\" data-id=\"302e9f9\" data-element_type=\"widget\" data-widget_type=\"spacer.default\">\n\t\t\t\t<div class=\"elementor-widget-container\">\n\t\t\t\t\t\t\t<div class=\"elementor-spacer\">\n\t\t\t<div class=\"elementor-spacer-inner\"><\/div>\n\t\t<\/div>\n\t\t\t\t\t\t<\/div>\n\t\t\t\t<\/div>\n\t\t\t\t<\/div>\n\t\t<div class=\"elementor-element elementor-element-03a53fc e-flex e-con-boxed e-con e-parent\" data-id=\"03a53fc\" data-element_type=\"container\">\n\t\t\t\t\t<div class=\"e-con-inner\">\n\t\t<a class=\"elementor-element elementor-element-218129e e-con-full e-flex e-con e-child\" data-id=\"218129e\" data-element_type=\"container\" href=\"https:\/\/www.glassgourmet.es\/wp-content\/uploads\/2024\/06\/GLASSGOURMET-SOPORTES_DE_MESA.pdf\" target=\"_blank\">\n\t\t\t\t<div class=\"elementor-element elementor-element-d3ba1b6 elementor-widget__width-inherit elementor-widget elementor-widget-image\" data-id=\"d3ba1b6\" data-element_type=\"widget\" data-widget_type=\"image.default\">\n\t\t\t\t<div class=\"elementor-widget-container\">\n\t\t\t\t\t\t\t\t\t\t\t\t\t\t\t<img fetchpriority=\"high\" decoding=\"async\" width=\"576\" height=\"350\" src=\"https:\/\/www.glassgourmet.es\/wp-content\/uploads\/2024\/06\/GG-PORTADA-SOPORTES2.jpg\" class=\"attachment-full size-full wp-image-291\" alt=\"\" srcset=\"https:\/\/www.glassgourmet.es\/wp-content\/uploads\/2024\/06\/GG-PORTADA-SOPORTES2.jpg 576w, https:\/\/www.glassgourmet.es\/wp-content\/uploads\/2024\/06\/GG-PORTADA-SOPORTES2-300x182.jpg 300w\" sizes=\"(max-width: 576px) 100vw, 576px\" \/>\t\t\t\t\t\t\t\t\t\t\t\t\t\t\t<\/div>\n\t\t\t\t<\/div>\n\t\t\t\t<div class=\"elementor-element elementor-element-81414f0 elementor-widget__width-initial elementor-widget elementor-widget-image\" data-id=\"81414f0\" data-element_type=\"widget\" data-widget_type=\"image.default\">\n\t\t\t\t<div class=\"elementor-widget-container\">\n\t\t\t\t\t\t\t\t\t\t\t\t\t\t\t<img decoding=\"async\" width=\"1080\" height=\"1080\" src=\"https:\/\/www.glassgourmet.es\/wp-content\/uploads\/2024\/06\/downloag.png\" class=\"attachment-full size-full wp-image-446\" alt=\"\" srcset=\"https:\/\/www.glassgourmet.es\/wp-content\/uploads\/2024\/06\/downloag.png 1080w, https:\/\/www.glassgourmet.es\/wp-content\/uploads\/2024\/06\/downloag-300x300.png 300w, https:\/\/www.glassgourmet.es\/wp-content\/uploads\/2024\/06\/downloag-1024x1024.png 1024w, https:\/\/www.glassgourmet.es\/wp-content\/uploads\/2024\/06\/downloag-150x150.png 150w, https:\/\/www.glassgourmet.es\/wp-content\/uploads\/2024\/06\/downloag-768x768.png 768w\" sizes=\"(max-width: 1080px) 100vw, 1080px\" \/>\t\t\t\t\t\t\t\t\t\t\t\t\t\t\t<\/div>\n\t\t\t\t<\/div>\n\t\t\t\t<div class=\"elementor-element elementor-element-d8a8759 elementor-widget elementor-widget-heading\" data-id=\"d8a8759\" data-element_type=\"widget\" data-widget_type=\"heading.default\">\n\t\t\t\t<div class=\"elementor-widget-container\">\n\t\t\t\t\t<p class=\"elementor-heading-title elementor-size-default\">Descarregar el nostre cat\u00e0leg<\/p>\t\t\t\t<\/div>\n\t\t\t\t<\/div>\n\t\t\t\t<\/a>\n\t\t<div class=\"elementor-element elementor-element-71e3272 e-con-full e-flex e-con e-child\" data-id=\"71e3272\" data-element_type=\"container\">\n\t\t\t\t<div class=\"elementor-element elementor-element-d059aac elementor-widget elementor-widget-text-editor\" data-id=\"d059aac\" data-element_type=\"widget\" data-widget_type=\"text-editor.default\">\n\t\t\t\t<div class=\"elementor-widget-container\">\n\t\t\t\t\t\t\t\t\t<p><span style=\"font-weight: 400;\">Benvingut al m\u00f3n dels Suports de Taula a Glassgourmet!<\/span><\/p>\n<p><span style=\"font-weight: 400;\">Imagina una taula perfectament preparada, on cada detall reflecteix el teu estil \u00fanic i bon gust.  <\/span><\/p>\n<p><span style=\"font-weight: 400;\">Al nostre rac\u00f3 dedicat als Suports de taula, et convidem a descobrir una col\u00b7lecci\u00f3 acuradament seleccionada de peces de vidre que no nom\u00e9s s\u00f3n funcionals, sin\u00f3 tamb\u00e9 veritables obres d&#8217;art.<\/span><\/p>\n<p><span style=\"font-weight: 400;\">Des d&#8217;elegants <\/span><b>plats<\/b><span style=\"font-weight: 400;\"> de presentaci\u00f3 fins a exquisits <\/span><b>bols, suports o peces diferents<\/b><span style=\"font-weight: 400;\"> per real\u00e7ar les elaboracions dels nostres clients.<\/span><\/p>\n<p><span style=\"font-weight: 400;\">Cada suport ha estat dissenyat amb passi\u00f3 i atenci\u00f3 al detall per <strong>real\u00e7ar la bellesa de la teva taula i elevar els teus moments m\u00e9s especials. <\/strong> <\/span><\/p>\n<p><span style=\"font-weight: 400;\">A Glassgourmet, creiem que la presentaci\u00f3 \u00e9s important i els nostres suports afegeixen aquest toc d&#8217;eleg\u00e0ncia i sofisticaci\u00f3 a cada ocasi\u00f3.<\/span><\/p>\n<p><span style=\"font-weight: 400;\">Aix\u00ed que uneix-te a nosaltres i deixat inspirar per la m\u00e0gia dels Suports de taula a Glassgourmet. Descobreix com cada pe\u00e7a pot transformar la teva taula en un escenari de bellesa i estil!<\/span><\/p>\n\t\t\t\t\t\t\t\t<\/div>\n\t\t\t\t<\/div>\n\t\t\t\t<\/div>\n\t\t\t\t<div class=\"elementor-element elementor-element-4e56c1d elementor-widget__width-inherit elementor-widget-divider--view-line elementor-widget elementor-widget-divider\" data-id=\"4e56c1d\" data-element_type=\"widget\" data-widget_type=\"divider.default\">\n\t\t\t\t<div class=\"elementor-widget-container\">\n\t\t\t\t\t\t\t<div class=\"elementor-divider\">\n\t\t\t<span class=\"elementor-divider-separator\">\n\t\t\t\t\t\t<\/span>\n\t\t<\/div>\n\t\t\t\t\t\t<\/div>\n\t\t\t\t<\/div>\n\t\t\t\t<div class=\"elementor-element elementor-element-12116e9 elementor-widget__width-inherit elementor-widget-tablet__width-inherit elementor-hidden-desktop elementor-hidden-tablet elementor-widget elementor-widget-heading\" data-id=\"12116e9\" data-element_type=\"widget\" data-widget_type=\"heading.default\">\n\t\t\t\t<div class=\"elementor-widget-container\">\n\t\t\t\t\t<h2 class=\"elementor-heading-title elementor-size-default\">Suports de taula<\/h2>\t\t\t\t<\/div>\n\t\t\t\t<\/div>\n\t\t\t\t\t<\/div>\n\t\t\t\t<\/div>\n\t\t<div class=\"elementor-element elementor-element-39e58d4 e-flex e-con-boxed e-con e-parent\" data-id=\"39e58d4\" data-element_type=\"container\">\n\t\t\t\t\t<div class=\"e-con-inner\">\n\t\t\t\t<div class=\"elementor-element elementor-element-555e298 elementor-widget elementor-widget-gallery\" data-id=\"555e298\" data-element_type=\"widget\" data-settings=\"{&quot;gallery_layout&quot;:&quot;masonry&quot;,&quot;columns&quot;:3,&quot;lazyload&quot;:&quot;yes&quot;,&quot;columns_tablet&quot;:2,&quot;columns_mobile&quot;:1,&quot;gap&quot;:{&quot;unit&quot;:&quot;px&quot;,&quot;size&quot;:10,&quot;sizes&quot;:[]},&quot;gap_tablet&quot;:{&quot;unit&quot;:&quot;px&quot;,&quot;size&quot;:10,&quot;sizes&quot;:[]},&quot;gap_mobile&quot;:{&quot;unit&quot;:&quot;px&quot;,&quot;size&quot;:10,&quot;sizes&quot;:[]},&quot;content_hover_animation&quot;:&quot;fade-in&quot;}\" data-widget_type=\"gallery.default\">\n\t\t\t\t<div class=\"elementor-widget-container\">\n\t\t\t\t\t\t\t<div class=\"elementor-gallery__container\">\n\t\t\t\t\t\t\t<div class=\"e-gallery-item elementor-gallery-item elementor-animated-content\">\n\t\t\t\t\t<div class=\"e-gallery-image elementor-gallery-item__image\" data-thumbnail=\"https:\/\/www.glassgourmet.es\/wp-content\/uploads\/2024\/06\/BOL.1-scaled.jpg\" data-width=\"1976\" data-height=\"2560\" aria-label=\"\" role=\"img\" ><\/div>\n\t\t\t\t\t\t\t\t\t\t\t\t\t\t<\/div>\n\t\t\t\t\t\t\t<div class=\"e-gallery-item elementor-gallery-item elementor-animated-content\">\n\t\t\t\t\t<div class=\"e-gallery-image elementor-gallery-item__image\" data-thumbnail=\"https:\/\/www.glassgourmet.es\/wp-content\/uploads\/2024\/06\/PLAT26.1-scaled.jpg\" data-width=\"2560\" data-height=\"1720\" aria-label=\"\" role=\"img\" ><\/div>\n\t\t\t\t\t\t\t\t\t\t\t\t\t\t<\/div>\n\t\t\t\t\t\t\t<div class=\"e-gallery-item elementor-gallery-item elementor-animated-content\">\n\t\t\t\t\t<div class=\"e-gallery-image elementor-gallery-item__image\" data-thumbnail=\"https:\/\/www.glassgourmet.es\/wp-content\/uploads\/2024\/06\/2.GLASSGOURMET-89-scaled.jpg\" data-width=\"2332\" data-height=\"2560\" aria-label=\"\" role=\"img\" ><\/div>\n\t\t\t\t\t\t\t\t\t\t\t\t\t\t<\/div>\n\t\t\t\t\t\t\t<div class=\"e-gallery-item elementor-gallery-item elementor-animated-content\">\n\t\t\t\t\t<div class=\"e-gallery-image elementor-gallery-item__image\" data-thumbnail=\"https:\/\/www.glassgourmet.es\/wp-content\/uploads\/2024\/06\/PLAT-35X25-scaled.jpg\" data-width=\"2560\" data-height=\"1510\" aria-label=\"\" role=\"img\" ><\/div>\n\t\t\t\t\t\t\t\t\t\t\t\t\t\t<\/div>\n\t\t\t\t\t\t\t<div class=\"e-gallery-item elementor-gallery-item elementor-animated-content\">\n\t\t\t\t\t<div class=\"e-gallery-image elementor-gallery-item__image\" data-thumbnail=\"https:\/\/www.glassgourmet.es\/wp-content\/uploads\/2024\/06\/CALISTO2.1-scaled.jpg\" data-width=\"2560\" data-height=\"1632\" aria-label=\"\" role=\"img\" ><\/div>\n\t\t\t\t\t\t\t\t\t\t\t\t\t\t<\/div>\n\t\t\t\t\t\t\t<div class=\"e-gallery-item elementor-gallery-item elementor-animated-content\">\n\t\t\t\t\t<div class=\"e-gallery-image elementor-gallery-item__image\" data-thumbnail=\"https:\/\/www.glassgourmet.es\/wp-content\/uploads\/2024\/06\/PODIUM-40X15-copia2-scaled.jpg\" data-width=\"2560\" data-height=\"1296\" aria-label=\"\" role=\"img\" ><\/div>\n\t\t\t\t\t\t\t\t\t\t\t\t\t\t<\/div>\n\t\t\t\t\t\t\t<div class=\"e-gallery-item elementor-gallery-item elementor-animated-content\">\n\t\t\t\t\t<div class=\"e-gallery-image elementor-gallery-item__image\" data-thumbnail=\"https:\/\/www.glassgourmet.es\/wp-content\/uploads\/2024\/06\/PLAT25.1-scaled.jpg\" data-width=\"2560\" data-height=\"1739\" aria-label=\"\" role=\"img\" ><\/div>\n\t\t\t\t\t\t\t\t\t\t\t\t\t\t<\/div>\n\t\t\t\t\t\t\t<div class=\"e-gallery-item elementor-gallery-item elementor-animated-content\">\n\t\t\t\t\t<div class=\"e-gallery-image elementor-gallery-item__image\" data-thumbnail=\"https:\/\/www.glassgourmet.es\/wp-content\/uploads\/2024\/06\/BOL-ROSAT.jpg\" data-width=\"2256\" data-height=\"2186\" aria-label=\"\" role=\"img\" ><\/div>\n\t\t\t\t\t\t\t\t\t\t\t\t\t\t<\/div>\n\t\t\t\t\t\t\t<div class=\"e-gallery-item elementor-gallery-item elementor-animated-content\">\n\t\t\t\t\t<div class=\"e-gallery-image elementor-gallery-item__image\" data-thumbnail=\"https:\/\/www.glassgourmet.es\/wp-content\/uploads\/2024\/06\/PALENE-MIDA-NOVA-scaled.jpg\" data-width=\"2560\" data-height=\"2301\" aria-label=\"\" role=\"img\" ><\/div>\n\t\t\t\t\t\t\t\t\t\t\t\t\t\t<\/div>\n\t\t\t\t\t\t\t<div class=\"e-gallery-item elementor-gallery-item elementor-animated-content\">\n\t\t\t\t\t<div class=\"e-gallery-image elementor-gallery-item__image\" data-thumbnail=\"https:\/\/www.glassgourmet.es\/wp-content\/uploads\/2024\/06\/PLAT25.1-MIDA-NOVA-scaled.jpg\" data-width=\"2560\" data-height=\"1908\" aria-label=\"\" role=\"img\" ><\/div>\n\t\t\t\t\t\t\t\t\t\t\t\t\t\t<\/div>\n\t\t\t\t\t<\/div>\n\t\t\t\t\t<\/div>\n\t\t\t\t<\/div>\n\t\t\t\t\t<\/div>\n\t\t\t\t<\/div>\n\t\t\t\t<\/div>\n\t\t","protected":false},"excerpt":{"rendered":"<p>Descarregar el nostre cat\u00e0leg Benvingut al m\u00f3n dels Suports de Taula a Glassgourmet! Imagina una taula perfectament preparada, on cada detall reflecteix el teu estil \u00fanic i bon gust. Al nostre rac\u00f3 dedicat als Suports de taula, et convidem a descobrir una col\u00b7lecci\u00f3 acuradament seleccionada de peces de vidre que no nom\u00e9s s\u00f3n funcionals, sin\u00f3 [&hellip;]<\/p>\n","protected":false},"author":1,"featured_media":700,"parent":0,"menu_order":0,"comment_status":"closed","ping_status":"closed","template":"","meta":{"_seopress_robots_primary_cat":"","_seopress_titles_title":"Suports de Taula, Vidre per a Alta Gastronomia - Eleg\u00e0ncia i Disseny \u00danics","_seopress_titles_desc":"Artesans en vidre per a gastronomia, innovaci\u00f3 i fabricaci\u00f3 de plats per a alta gastronomia. Suports de taula","_seopress_robots_index":"","footnotes":""},"class_list":["post-929","page","type-page","status-publish","has-post-thumbnail","hentry"],"_links":{"self":[{"href":"https:\/\/www.glassgourmet.es\/ca\/wp-json\/wp\/v2\/pages\/929","targetHints":{"allow":["GET"]}}],"collection":[{"href":"https:\/\/www.glassgourmet.es\/ca\/wp-json\/wp\/v2\/pages"}],"about":[{"href":"https:\/\/www.glassgourmet.es\/ca\/wp-json\/wp\/v2\/types\/page"}],"author":[{"embeddable":true,"href":"https:\/\/www.glassgourmet.es\/ca\/wp-json\/wp\/v2\/users\/1"}],"replies":[{"embeddable":true,"href":"https:\/\/www.glassgourmet.es\/ca\/wp-json\/wp\/v2\/comments?post=929"}],"version-history":[{"count":10,"href":"https:\/\/www.glassgourmet.es\/ca\/wp-json\/wp\/v2\/pages\/929\/revisions"}],"predecessor-version":[{"id":1259,"href":"https:\/\/www.glassgourmet.es\/ca\/wp-json\/wp\/v2\/pages\/929\/revisions\/1259"}],"wp:featuredmedia":[{"embeddable":true,"href":"https:\/\/www.glassgourmet.es\/ca\/wp-json\/wp\/v2\/media\/700"}],"wp:attachment":[{"href":"https:\/\/www.glassgourmet.es\/ca\/wp-json\/wp\/v2\/media?parent=929"}],"curies":[{"name":"wp","href":"https:\/\/api.w.org\/{rel}","templated":true}]}}