{"id":925,"date":"2024-04-24T08:08:11","date_gmt":"2024-04-24T06:08:11","guid":{"rendered":"https:\/\/www.glassgourmet.es\/productes\/"},"modified":"2025-05-14T21:43:13","modified_gmt":"2025-05-14T19:43:13","slug":"productes","status":"publish","type":"page","link":"https:\/\/www.glassgourmet.es\/ca\/productes\/","title":{"rendered":"Productes"},"content":{"rendered":"\t\t<div data-elementor-type=\"wp-page\" data-elementor-id=\"925\" class=\"elementor elementor-925 elementor-24\" data-elementor-post-type=\"page\">\n\t\t\t\t<div class=\"elementor-element elementor-element-f7417bf e-con-full e-flex e-con e-parent\" data-id=\"f7417bf\" data-element_type=\"container\">\n\t\t<a class=\"elementor-element elementor-element-5f046ae e-con-full e-flex e-con e-child\" data-id=\"5f046ae\" data-element_type=\"container\" data-settings=\"{&quot;background_background&quot;:&quot;classic&quot;}\" href=\"https:\/\/www.glassgourmet.es\/glassmixology-cocteleria\/\">\n\t\t\t\t<div class=\"elementor-element elementor-element-b58a363 elementor-widget elementor-widget-image\" data-id=\"b58a363\" data-element_type=\"widget\" data-widget_type=\"image.default\">\n\t\t\t\t<div class=\"elementor-widget-container\">\n\t\t\t\t\t\t\t\t\t\t\t\t\t\t\t<img fetchpriority=\"high\" decoding=\"async\" width=\"2405\" height=\"1472\" src=\"https:\/\/www.glassgourmet.es\/wp-content\/uploads\/2024\/06\/GG-PRODUCTO-COCTELERIA-KAAXCOLOR-1.jpg\" class=\"attachment-full size-full wp-image-792\" alt=\"\" srcset=\"https:\/\/www.glassgourmet.es\/wp-content\/uploads\/2024\/06\/GG-PRODUCTO-COCTELERIA-KAAXCOLOR-1.jpg 2405w, https:\/\/www.glassgourmet.es\/wp-content\/uploads\/2024\/06\/GG-PRODUCTO-COCTELERIA-KAAXCOLOR-1-300x184.jpg 300w, https:\/\/www.glassgourmet.es\/wp-content\/uploads\/2024\/06\/GG-PRODUCTO-COCTELERIA-KAAXCOLOR-1-1024x627.jpg 1024w, https:\/\/www.glassgourmet.es\/wp-content\/uploads\/2024\/06\/GG-PRODUCTO-COCTELERIA-KAAXCOLOR-1-768x470.jpg 768w, https:\/\/www.glassgourmet.es\/wp-content\/uploads\/2024\/06\/GG-PRODUCTO-COCTELERIA-KAAXCOLOR-1-1536x940.jpg 1536w, https:\/\/www.glassgourmet.es\/wp-content\/uploads\/2024\/06\/GG-PRODUCTO-COCTELERIA-KAAXCOLOR-1-2048x1253.jpg 2048w\" sizes=\"(max-width: 2405px) 100vw, 2405px\" \/>\t\t\t\t\t\t\t\t\t\t\t\t\t\t\t<\/div>\n\t\t\t\t<\/div>\n\t\t\t\t<div class=\"elementor-element elementor-element-c10bafc elementor-widget elementor-widget-image\" data-id=\"c10bafc\" data-element_type=\"widget\" data-widget_type=\"image.default\">\n\t\t\t\t<div class=\"elementor-widget-container\">\n\t\t\t\t\t\t\t\t\t\t\t\t\t\t\t<img decoding=\"async\" src=\"https:\/\/www.glassgourmet.es\/wp-content\/uploads\/2025\/05\/log-glassmixology-reducido-e1746820888166-1.png\" title=\"log-glassmixology-reducido-e1746820888166.png\" alt=\"log-glassmixology-reducido-e1746820888166.png\" loading=\"lazy\" \/>\t\t\t\t\t\t\t\t\t\t\t\t\t\t\t<\/div>\n\t\t\t\t<\/div>\n\t\t\t\t<\/a>\n\t\t<a class=\"elementor-element elementor-element-0bfe9de e-con-full e-flex e-con e-child\" data-id=\"0bfe9de\" data-element_type=\"container\" href=\"https:\/\/www.glassgourmet.es\/soportes-de-mesa\/\">\n\t\t\t\t<div class=\"elementor-element elementor-element-70d3f26 elementor-widget__width-initial elementor-widget elementor-widget-image\" data-id=\"70d3f26\" data-element_type=\"widget\" data-widget_type=\"image.default\">\n\t\t\t\t<div class=\"elementor-widget-container\">\n\t\t\t\t\t\t\t\t\t\t\t\t\t\t\t<img decoding=\"async\" width=\"2103\" height=\"687\" src=\"https:\/\/www.glassgourmet.es\/wp-content\/uploads\/2024\/06\/GG-PORTADA-SOPORTES-HQ-1.jpg\" class=\"attachment-full size-full wp-image-786\" alt=\"\" srcset=\"https:\/\/www.glassgourmet.es\/wp-content\/uploads\/2024\/06\/GG-PORTADA-SOPORTES-HQ-1.jpg 2103w, https:\/\/www.glassgourmet.es\/wp-content\/uploads\/2024\/06\/GG-PORTADA-SOPORTES-HQ-1-300x98.jpg 300w, https:\/\/www.glassgourmet.es\/wp-content\/uploads\/2024\/06\/GG-PORTADA-SOPORTES-HQ-1-1024x335.jpg 1024w, https:\/\/www.glassgourmet.es\/wp-content\/uploads\/2024\/06\/GG-PORTADA-SOPORTES-HQ-1-768x251.jpg 768w, https:\/\/www.glassgourmet.es\/wp-content\/uploads\/2024\/06\/GG-PORTADA-SOPORTES-HQ-1-1536x502.jpg 1536w, https:\/\/www.glassgourmet.es\/wp-content\/uploads\/2024\/06\/GG-PORTADA-SOPORTES-HQ-1-2048x669.jpg 2048w\" sizes=\"(max-width: 2103px) 100vw, 2103px\" \/>\t\t\t\t\t\t\t\t\t\t\t\t\t\t\t<\/div>\n\t\t\t\t<\/div>\n\t\t\t\t<div class=\"elementor-element elementor-element-e33f373 elementor-widget__width-initial elementor-widget-mobile__width-inherit elementor-widget elementor-widget-heading\" data-id=\"e33f373\" data-element_type=\"widget\" data-widget_type=\"heading.default\">\n\t\t\t\t<div class=\"elementor-widget-container\">\n\t\t\t\t\t<h2 class=\"elementor-heading-title elementor-size-default\">SUPORTS \nDE TAULA<\/h2>\t\t\t\t<\/div>\n\t\t\t\t<\/div>\n\t\t\t\t<\/a>\n\t\t<a class=\"elementor-element elementor-element-b36d904 e-con-full e-flex e-con e-child\" data-id=\"b36d904\" data-element_type=\"container\" data-settings=\"{&quot;background_background&quot;:&quot;classic&quot;}\" href=\"https:\/\/www.glassgourmet.es\/cupulas\/\">\n\t\t\t\t<div class=\"elementor-element elementor-element-8dbcd9b elementor-widget elementor-widget-image\" data-id=\"8dbcd9b\" data-element_type=\"widget\" data-widget_type=\"image.default\">\n\t\t\t\t<div class=\"elementor-widget-container\">\n\t\t\t\t\t\t\t\t\t\t\t\t\t\t\t<img decoding=\"async\" src=\"https:\/\/www.glassgourmet.es\/wp-content\/uploads\/2025\/04\/GLASSGOURMET_FINALS-scaled.jpg\" title=\"\" alt=\"\" loading=\"lazy\" \/>\t\t\t\t\t\t\t\t\t\t\t\t\t\t\t<\/div>\n\t\t\t\t<\/div>\n\t\t\t\t<div class=\"elementor-element elementor-element-d5ee2bd elementor-widget elementor-widget-heading\" data-id=\"d5ee2bd\" data-element_type=\"widget\" data-widget_type=\"heading.default\">\n\t\t\t\t<div class=\"elementor-widget-container\">\n\t\t\t\t\t<h2 class=\"elementor-heading-title elementor-size-default\">S\u00c8RIE VIRA<\/h2>\t\t\t\t<\/div>\n\t\t\t\t<\/div>\n\t\t\t\t<\/a>\n\t\t\t\t<\/div>\n\t\t\t\t<\/div>\n\t\t","protected":false},"excerpt":{"rendered":"<p>SUPORTS DE TAULA S\u00c8RIE VIRA<\/p>\n","protected":false},"author":1,"featured_media":704,"parent":0,"menu_order":0,"comment_status":"closed","ping_status":"closed","template":"","meta":{"_seopress_robots_primary_cat":"","_seopress_titles_title":"Innovaci\u00f3 i fabricaci\u00f3 artesana en plats i gots d' alta gastronomia.","_seopress_titles_desc":"Innovaci\u00f3 i fabricaci\u00f3 artesana en plats i gots de coctel per a alta gastronomia. Glassgourmet","_seopress_robots_index":"","footnotes":""},"class_list":["post-925","page","type-page","status-publish","has-post-thumbnail","hentry"],"_links":{"self":[{"href":"https:\/\/www.glassgourmet.es\/ca\/wp-json\/wp\/v2\/pages\/925","targetHints":{"allow":["GET"]}}],"collection":[{"href":"https:\/\/www.glassgourmet.es\/ca\/wp-json\/wp\/v2\/pages"}],"about":[{"href":"https:\/\/www.glassgourmet.es\/ca\/wp-json\/wp\/v2\/types\/page"}],"author":[{"embeddable":true,"href":"https:\/\/www.glassgourmet.es\/ca\/wp-json\/wp\/v2\/users\/1"}],"replies":[{"embeddable":true,"href":"https:\/\/www.glassgourmet.es\/ca\/wp-json\/wp\/v2\/comments?post=925"}],"version-history":[{"count":10,"href":"https:\/\/www.glassgourmet.es\/ca\/wp-json\/wp\/v2\/pages\/925\/revisions"}],"predecessor-version":[{"id":1815,"href":"https:\/\/www.glassgourmet.es\/ca\/wp-json\/wp\/v2\/pages\/925\/revisions\/1815"}],"wp:featuredmedia":[{"embeddable":true,"href":"https:\/\/www.glassgourmet.es\/ca\/wp-json\/wp\/v2\/media\/704"}],"wp:attachment":[{"href":"https:\/\/www.glassgourmet.es\/ca\/wp-json\/wp\/v2\/media?parent=925"}],"curies":[{"name":"wp","href":"https:\/\/api.w.org\/{rel}","templated":true}]}}