{"id":923,"date":"2024-06-11T07:25:47","date_gmt":"2024-06-11T05:25:47","guid":{"rendered":"https:\/\/www.glassgourmet.es\/politica-de-privacitat-i-avis-legal\/"},"modified":"2024-06-18T08:52:53","modified_gmt":"2024-06-18T06:52:53","slug":"politica-de-privacitat-i-avis-legal","status":"publish","type":"page","link":"https:\/\/www.glassgourmet.es\/ca\/politica-de-privacitat-i-avis-legal\/","title":{"rendered":"Pol\u00edtica de privacitat i Av\u00eds legal"},"content":{"rendered":"<h1>Pol\u00edtica de privacitat i Av\u00eds legal<\/h1>\n<p>Aquesta Pol\u00edtica de Privacitat descriu les pol\u00edtiques de GlassGourmet SL, AV\/ VAL\u00c8NCIA, 6-8 P.1 PTA.4. Molins de Rei, Barcelona 08750, Espanya, email: info@glassgourmet.es, tel\u00e8fon: 935 88 20 00, sobre el recull, \u00fas i divulgaci\u00f3 de la seva informaci\u00f3 que recopilem quan utilitza el nostre lloc web (https:\/\/www.glassgourmet.es) (el &#8220;Servei&#8221;). En accedir o usar el Servei, vost\u00e8 consent la recopilaci\u00f3, \u00fas i divulgaci\u00f3 de la seva informaci\u00f3 d&#8217;acord amb aquesta Pol\u00edtica de Privacitat. Si no consent el mateix, per favor no accedeixi ni usi el Servei.<\/p>\n<p>Podem modificar aquesta Pol\u00edtica de Privacitat en qualsevol moment sense previ av\u00eds i publicarem la Pol\u00edtica de Privacitat revisada en el Servei. La Pol\u00edtica revisada ser\u00e0 efectiva 180 dies despr\u00e9s que es publiqui en el Servei i el seu acc\u00e9s o \u00fas continu del Servei despr\u00e9s d&#8217; aquest temps constituir\u00e0 la seva acceptaci\u00f3 de la Pol\u00edtica de Privacitat revisada. Per tant, li recomanem que revisi aquesta p\u00e0gina peri\u00f2dicament.<\/p>\n<h3>Informaci\u00f3 que Recopilem:<\/h3>\n<p>Recopilarem i processarem la seg\u00fcent informaci\u00f3 personal sobre vost\u00e8:<\/p>\n<ul>\n<li>Perfil en Xarxes Socials<\/li>\n<\/ul>\n<h3><\/h3>\n<h3>Com Recopilem la seva Informaci\u00f3:<\/h3>\n<p>Recopilem\/rebem informaci\u00f3 sobre vost\u00e8 de les seg\u00fcents maneres:<\/p>\n<ul>\n<li>Quan un usuari completa el formulari de registre o envia informaci\u00f3 personal d&#8217; una altra manera<\/li>\n<li>Interaccions amb el lloc web<\/li>\n<li>De fonts p\u00fabliques<\/li>\n<\/ul>\n<h3><\/h3>\n<h3>Com Fem servir la seva Informaci\u00f3:<\/h3>\n<p>Usarem la informaci\u00f3 que recopilem sobre vost\u00e8 per als seg\u00fcents prop\u00f2sits:<\/p>\n<ul>\n<li>Recull de comentaris dels clients<\/li>\n<li>Compliment de Termes i Condicions<\/li>\n<li>Protecci\u00f3 del lloc<\/li>\n<li>Comentaris d&#8217; usuari a usuari<\/li>\n<\/ul>\n<p>Si volem usar la seva informaci\u00f3 per a qualsevol altre prop\u00f2sit, li sol\u00b7licitarem el seu consentiment i nom\u00e9s usarem la seva informaci\u00f3 en rebre el seu consentiment i nom\u00e9s per al prop\u00f2sit(s) per al qual s&#8217;atorga el consentiment, llevat que estem obligats a fer el contrari per llei.<\/p>\n<h3><\/h3>\n<h3>Com Compartim la seva Informaci\u00f3:<\/h3>\n<p>No transferirem la seva informaci\u00f3 personal a cap tercer sense el seu consentiment, excepte en circumst\u00e0ncies limitades com es descriu a continuaci\u00f3:<\/p>\n<ul>\n<li>Servei de publicitat<\/li>\n<li>Anal\u00edtiques<\/li>\n<li>Recopilaci\u00f3 i processament de dades<\/li>\n<\/ul>\n<p>Requerim que aquests tercers utilitzin la informaci\u00f3 personal que els transferim nom\u00e9s per al prop\u00f2sit per al qual va ser transferida i no la conservin per m\u00e9s temps del necessari per complir amb aquest prop\u00f2sit.<\/p>\n<p>Tamb\u00e9 podem divulgar la seva informaci\u00f3 personal per al seg\u00fcent: (1) complir amb la llei aplicable, regulaci\u00f3, ordre judicial o un altre proc\u00e9s legal; (2) fer complir els seus acords amb nosaltres, inclosa aquesta Pol\u00edtica de Privacitat; o (3) respondre a reclams que el seu \u00fas del Servei viola els drets de tercers. Si el Servei o la nostra empresa es fusiona o \u00e9s adquirida per una altra empresa, la seva informaci\u00f3 ser\u00e0 un dels actius que es transferir\u00e0 al nou propietari.<\/p>\n<h3><\/h3>\n<h3>Retenci\u00f3 de la seva Informaci\u00f3:<\/h3>\n<p>Conservarem la seva informaci\u00f3 personal amb nosaltres durant 90 dies a 2 anys despr\u00e9s que els comptes d&#8217;usuari romanguin inactives o durant el temps que la necessitem per complir amb els prop\u00f2sits per als quals es va recopilar com es detalla en aquesta Pol\u00edtica de Privacitat. Podem necessitar retenir certa informaci\u00f3 durant per\u00edodes m\u00e9s llargs, com per al manteniment de registres\/informes d&#8217;acord amb la llei aplicable o per altres raons leg\u00edtimes com l&#8217;aplicaci\u00f3 de drets legals, prevenci\u00f3 de frau, etc. La informaci\u00f3 residual an\u00f2nima i la informaci\u00f3 agregada, cap de les quals l&#8217;identifica (directament o indirectament), poden emmagatzemar-se indefinidament.<\/p>\n<h3><\/h3>\n<h3>Els seus Drets:<\/h3>\n<p>Depenent de la llei aplicable, vost\u00e8 pot tenir dret a accedir i rectificar o esborrar les seves dades personals o rebre una c\u00f2pia de les seves dades personals, restringir o objectar el processament actiu de les seves dades, demanar-nos que compartim (portem) la seva informaci\u00f3 personal a una altra entitat, retirar qualsevol consentiment que ens hagi proporcionat per processar les seves dades,  el dret a presentar una queixa davant una autoritat competent i altres drets rellevants sota les lleis aplicables. Per exercir aquests drets, pot escriure&#8217;ns a info@glassgourmet.es. Respondrem a la seva sol\u00b7licitud d&#8217;acord amb la llei aplicable.<br \/>\nTingui en compte que si no ens permet recopilar o processar la informaci\u00f3 personal requerida o retira el consentiment per processar-la per als prop\u00f2sits requerits, \u00e9s possible que no pugui accedir o usar els serveis per als quals es va sol\u00b7licitar la seva informaci\u00f3.<\/p>\n<h3><\/h3>\n<h3>Cookies, etc.<\/h3>\n<p>Per obtenir m\u00e9s informaci\u00f3 sobre com fem servir aquestes tecnologies de seguiment i les seves opcions en relaci\u00f3 amb aquestes, consulteu la nostra Pol\u00edtica de Cookies.<\/p>\n<h3><\/h3>\n<h3>Seguretat:<\/h3>\n<p>La seguretat de la seva informaci\u00f3 \u00e9s important per a nosaltres i utilitzarem mesures de seguretat raonables per evitar la p\u00e8rdua, mal \u00fas o alteraci\u00f3 no autoritzada de la seva informaci\u00f3 sota el nostre control. Tanmateix, at\u00e8s els riscos inherents, no podem garantir la seguretat absoluta i, per tant, no podem assegurar o garantir la seguretat de qualsevol informaci\u00f3 que ens transmeti i ho fa sota el seu propi risc.<\/p>\n<h3><\/h3>\n<h3>Enlla\u00e7os a Tercers i \u00das de la seva Informaci\u00f3:<\/h3>\n<p>El nostre Servei pot contenir enlla\u00e7os a altres llocs web que no s\u00f3n operats per nosaltres. Aquesta Pol\u00edtica de Privacitat no aborda la pol\u00edtica de privacitat i altres pr\u00e0ctiques de tercers, inclosos qualsevol tercer que operi qualsevol lloc web o servei que pugui ser accessible a trav\u00e9s d&#8217;un enlla\u00e7 al Servei. Li recomanem encaridament que revisi la pol\u00edtica de privacitat de cada lloc que visiti. No tenim control ni assumim cap responsabilitat pel contingut, pol\u00edtiques de privacitat o pr\u00e0ctiques de llocs o serveis de tercers.<\/p>\n<h3><\/h3>\n<h3>Oficial de Protecci\u00f3 de Dades \/ Queixes:<\/h3>\n<p>Si t\u00e9 alguna consulta o inquietud sobre el processament de la seua informaci\u00f3 que est\u00e0 disponible amb nosaltres, pot enviar un correu electr\u00f2nic al nostre Oficial de Protecci\u00f3 de Dades a GlassGourmet SL, AV\/ VAL\u00c8NCIA, 6-8 P.1 PTA.4. 08750 Molins de Rei, email: info@glassgourmet.es. Abordarem les seves inquietuds d&#8217; acord amb la llei aplicable.<\/p>\n","protected":false},"excerpt":{"rendered":"<p>Pol\u00edtica de privacitat i Av\u00eds legal Aquesta Pol\u00edtica de Privacitat descriu les pol\u00edtiques de GlassGourmet SL, AV\/ VAL\u00c8NCIA, 6-8 P.1 PTA.4. Molins de Rei, Barcelona 08750, Espanya, email: info@glassgourmet.es, tel\u00e8fon: 935 88 20 00, sobre el recull, \u00fas i divulgaci\u00f3 de la seva informaci\u00f3 que recopilem quan utilitza el nostre lloc web (https:\/\/www.glassgourmet.es) (el &#8220;Servei&#8221;). [&hellip;]<\/p>\n","protected":false},"author":1,"featured_media":0,"parent":0,"menu_order":0,"comment_status":"closed","ping_status":"closed","template":"","meta":{"_seopress_robots_primary_cat":"","_seopress_titles_title":"","_seopress_titles_desc":"","_seopress_robots_index":"","footnotes":""},"class_list":["post-923","page","type-page","status-publish","hentry"],"_links":{"self":[{"href":"https:\/\/www.glassgourmet.es\/ca\/wp-json\/wp\/v2\/pages\/923","targetHints":{"allow":["GET"]}}],"collection":[{"href":"https:\/\/www.glassgourmet.es\/ca\/wp-json\/wp\/v2\/pages"}],"about":[{"href":"https:\/\/www.glassgourmet.es\/ca\/wp-json\/wp\/v2\/types\/page"}],"author":[{"embeddable":true,"href":"https:\/\/www.glassgourmet.es\/ca\/wp-json\/wp\/v2\/users\/1"}],"replies":[{"embeddable":true,"href":"https:\/\/www.glassgourmet.es\/ca\/wp-json\/wp\/v2\/comments?post=923"}],"version-history":[{"count":1,"href":"https:\/\/www.glassgourmet.es\/ca\/wp-json\/wp\/v2\/pages\/923\/revisions"}],"predecessor-version":[{"id":924,"href":"https:\/\/www.glassgourmet.es\/ca\/wp-json\/wp\/v2\/pages\/923\/revisions\/924"}],"wp:attachment":[{"href":"https:\/\/www.glassgourmet.es\/ca\/wp-json\/wp\/v2\/media?parent=923"}],"curies":[{"name":"wp","href":"https:\/\/api.w.org\/{rel}","templated":true}]}}