{"id":919,"date":"2024-06-11T07:09:22","date_gmt":"2024-06-11T05:09:22","guid":{"rendered":"https:\/\/www.glassgourmet.es\/politica-de-cookies\/"},"modified":"2024-06-18T22:48:50","modified_gmt":"2024-06-18T20:48:50","slug":"politica-de-cookies","status":"publish","type":"page","link":"https:\/\/www.glassgourmet.es\/ca\/politica-de-cookies\/","title":{"rendered":"Pol\u00edtica de cookies"},"content":{"rendered":"<h1 id=\"tw-target-text\" class=\"tw-data-text tw-text-large tw-ta\" dir=\"ltr\" data-placeholder=\"Traducci\u00f3n\" aria-label=\"Texto traducido\" data-ved=\"2ahUKEwi33ubN4tKGAxWtBtsEHe5hCjQQ3ewLegQIFxAU\"><span class=\"Y2IQFc\" lang=\"es\">Pol\u00edtica de cookies<\/span><\/h1>\n<p class=\"tw-data-text tw-text-large tw-ta\" dir=\"ltr\" data-placeholder=\"Traducci\u00f3n\" aria-label=\"Texto traducido\" data-ved=\"2ahUKEwi33ubN4tKGAxWtBtsEHe5hCjQQ3ewLegQIFxAU\"><span class=\"Y2IQFc\" lang=\"es\"><br \/>Data de vig\u00e8ncia: 11 de juny de 2024<\/span><\/p>\n<p class=\"tw-data-text tw-text-large tw-ta\" dir=\"ltr\" data-placeholder=\"Traducci\u00f3n\" aria-label=\"Texto traducido\" data-ved=\"2ahUKEwi33ubN4tKGAxWtBtsEHe5hCjQQ3ewLegQIFxAU\"><span class=\"Y2IQFc\" lang=\"es\">\u00da<\/span><span class=\"Y2IQFc\" lang=\"es\">ltima actualitzaci\u00f3: 11 de juny de 2024<\/span><\/p>\n<h2 class=\"tw-data-text tw-text-large tw-ta\" dir=\"ltr\" data-placeholder=\"Traducci\u00f3n\" aria-label=\"Texto traducido\" data-ved=\"2ahUKEwi33ubN4tKGAxWtBtsEHe5hCjQQ3ewLegQIFxAU\"><span class=\"Y2IQFc\" lang=\"es\">Qu\u00e8 s\u00f3n les galetes?  <\/span><\/h2>\n<p class=\"tw-data-text tw-text-large tw-ta\" dir=\"ltr\" data-placeholder=\"Traducci\u00f3n\" aria-label=\"Texto traducido\" data-ved=\"2ahUKEwi33ubN4tKGAxWtBtsEHe5hCjQQ3ewLegQIFxAU\"><span class=\"Y2IQFc\" lang=\"es\">Aquesta Pol\u00edtica de cookies explica qu\u00e8 s\u00f3n les cookies i com les fem servir, els tipus de cookies que fem servir, \u00e9s a dir, la informaci\u00f3 que recopilem fent servir cookies i com es fa servir aquesta informaci\u00f3, i com administrar la configuraci\u00f3 de les cookies.  <\/span><\/p>\n<p class=\"tw-data-text tw-text-large tw-ta\" dir=\"ltr\" data-placeholder=\"Traducci\u00f3n\" aria-label=\"Texto traducido\" data-ved=\"2ahUKEwi33ubN4tKGAxWtBtsEHe5hCjQQ3ewLegQIFxAU\"><span class=\"Y2IQFc\" lang=\"es\">Les cookies s\u00f3n petits arxius de text que s&#8217;utilitzen per emmagatzemar petits fragments d&#8217;informaci\u00f3. S&#8217;emmagatzemen en el seu dispositiu quan el lloc web es carrega al seu navegador. Aquestes cookies ens ajuden que el lloc web funcioni correctament, fer-lo m\u00e9s segur, brindar una millor experi\u00e8ncia d&#8217;usuari i comprendre com funciona el lloc web i analitzar qu\u00e8 funciona i on necessita millorar.<\/span><\/p>\n<h3 class=\"tw-data-text tw-text-large tw-ta\" dir=\"ltr\" data-placeholder=\"Traducci\u00f3n\" aria-label=\"Texto traducido\" data-ved=\"2ahUKEwi33ubN4tKGAxWtBtsEHe5hCjQQ3ewLegQIFxAU\"><span class=\"Y2IQFc\" lang=\"es\">Com fem servir les cookies?  <\/span><\/h3>\n<p class=\"tw-data-text tw-text-large tw-ta\" dir=\"ltr\" data-placeholder=\"Traducci\u00f3n\" aria-label=\"Texto traducido\" data-ved=\"2ahUKEwi33ubN4tKGAxWtBtsEHe5hCjQQ3ewLegQIFxAU\"><span class=\"Y2IQFc\" lang=\"es\">Com la majoria dels serveis en l\u00ednia, el nostre lloc web utilitza cookies pr\u00f2pies i de tercers per a diversos prop\u00f2sits. Les cookies d&#8217;origen s\u00f3n majorit\u00e0riament necess\u00e0ries perqu\u00e8 el lloc web funcioni correctament i no recopilen cap de les seves dades d&#8217;identificaci\u00f3 personal.<\/span><\/p>\n<p class=\"tw-data-text tw-text-large tw-ta\" dir=\"ltr\" data-placeholder=\"Traducci\u00f3n\" aria-label=\"Texto traducido\" data-ved=\"2ahUKEwi33ubN4tKGAxWtBtsEHe5hCjQQ3ewLegQIFxAU\"><span class=\"Y2IQFc\" lang=\"es\">Les cookies de tercers utilitzades al nostre lloc web s\u00f3n principalment per comprendre com funciona el lloc web, com interactua amb el nostre lloc web, mantenir els nostres serveis segurs, proporcionar anuncis que siguin rellevants per a vost\u00e8 i, en general, brindar-li un usuari millor i millorat. experi\u00e8ncia i ajudar a accelerar les seves futures interaccions amb el nostre lloc web.  <\/span><\/p>\n<h2 class=\"tw-data-text tw-text-large tw-ta\" dir=\"ltr\" data-placeholder=\"Traducci\u00f3n\" aria-label=\"Texto traducido\" data-ved=\"2ahUKEwi33ubN4tKGAxWtBtsEHe5hCjQQ3ewLegQIFxAU\"><span class=\"Y2IQFc\" lang=\"es\">Pol\u00edtica de Cookies<\/span><\/h2>\n<p class=\"tw-data-text tw-text-large tw-ta\" dir=\"ltr\" data-placeholder=\"Traducci\u00f3n\" aria-label=\"Texto traducido\" data-ved=\"2ahUKEwi33ubN4tKGAxWtBtsEHe5hCjQQ3ewLegQIFxAU\">\n\n<div class=\"cky-audit-table-element\"><\/div>\n<h3 class=\"tw-data-text tw-text-large tw-ta\" dir=\"ltr\" data-placeholder=\"Traducci\u00f3n\" aria-label=\"Texto traducido\" data-ved=\"2ahUKEwi33ubN4tKGAxWtBtsEHe5hCjQQ3ewLegQIFxAU\"><span class=\"Y2IQFc\" lang=\"es\">Administrar prefer\u00e8ncies de cookies<\/span><\/h3>\n\n<a class=\"cky-banner-element\">Cookie Settings<\/a>\n<h4 class=\"tw-data-text tw-text-large tw-ta\" dir=\"ltr\" data-placeholder=\"Traducci\u00f3n\" aria-label=\"Texto traducido\" data-ved=\"2ahUKEwi33ubN4tKGAxWtBtsEHe5hCjQQ3ewLegQIFxAU\"><span class=\"Y2IQFc\" lang=\"es\">Configuraci\u00f3 de cookies  <\/span><\/h4>\n<p class=\"tw-data-text tw-text-large tw-ta\" dir=\"ltr\" data-placeholder=\"Traducci\u00f3n\" aria-label=\"Texto traducido\" data-ved=\"2ahUKEwi33ubN4tKGAxWtBtsEHe5hCjQQ3ewLegQIFxAU\"><span class=\"Y2IQFc\" lang=\"es\">Pot canviar les seves prefer\u00e8ncies de cookies en qualsevol moment fent clic al bot\u00f3 de dalt. Aix\u00f2 li permetr\u00e0 tornar a visitar el banner de consentiment de cookies i canviar les seves prefer\u00e8ncies o retirar el seu consentiment immediatament.  <\/span><\/p>\n<p class=\"tw-data-text tw-text-large tw-ta\" dir=\"ltr\" data-placeholder=\"Traducci\u00f3n\" aria-label=\"Texto traducido\" data-ved=\"2ahUKEwi33ubN4tKGAxWtBtsEHe5hCjQQ3ewLegQIFxAU\"><span class=\"Y2IQFc\" lang=\"es\">A m\u00e9s d&#8217;aix\u00f2, diferents navegadors ofereixen diferents m\u00e8todes per bloquejar i eliminar les cookies utilitzades pels llocs web.  <\/span><\/p>\n<p class=\"tw-data-text tw-text-large tw-ta\" dir=\"ltr\" data-placeholder=\"Traducci\u00f3n\" aria-label=\"Texto traducido\" data-ved=\"2ahUKEwi33ubN4tKGAxWtBtsEHe5hCjQQ3ewLegQIFxAU\"><span class=\"Y2IQFc\" lang=\"es\">Pot canviar la configuraci\u00f3 del seu navegador per bloquejar\/eliminar les cookies. A continuaci\u00f3 s&#8217;enumeren els enlla\u00e7os als documents de suport sobre com administrar i eliminar cookies dels principals navegadors web.  <\/span><\/p>\n<p>Crom: <a href=\"https:\/\/support.google.com\/accounts\/answer\/32050\" target=\"_blank\" rel=\"noopener\">https:\/\/support.google.com\/accounts\/answer\/32050<\/a><\/p>\n<p>Safari: <a href=\"https:\/\/support.apple.com\/en-in\/guide\/safari\/sfri11471\/mac\" target=\"_blank\" rel=\"noopener\">https:\/\/support.apple.com\/en-in\/guide\/safari\/sfri11471\/mac<\/a><\/p>\n<p>Firefox: <a href=\"https:\/\/support.mozilla.org\/en-US\/kb\/clear-cookies-and-site-data-firefox?redirectslug=delete-cookies-remove-info-websites-stored&amp;redirectlocale=en-US\" target=\"_blank\" rel=\"noopener\">https:\/\/support.mozilla.org\/en-US\/kb\/clear-cookies-and-site-data-firefox?redirectslug=delete-cookies-remove-info-websites-stored&amp;redirectlocale=en-US<\/a><\/p>\n<p>Internet Explorer: <a href=\"https:\/\/support.microsoft.com\/en-us\/topic\/how-to-delete-cookie-files-in-internet-explorer-bca9446f-d873-78de-77ba-d42645fa52fc\" target=\"_blank\" rel=\"noopener\">https:\/\/support.microsoft.com\/en-us\/topic\/how-to-delete-cookie-files-in-internet-explorer-bca9446f-d873-78de-77ba-d42645fa52fc<\/a><\/p>\n<p class=\"tw-data-text tw-text-large tw-ta\" dir=\"ltr\" data-placeholder=\"Traducci\u00f3n\" aria-label=\"Texto traducido\" data-ved=\"2ahUKEwi33ubN4tKGAxWtBtsEHe5hCjQQ3ewLegQIFxAU\"><span class=\"Y2IQFc\" lang=\"es\">Si est\u00e0 utilitzant qualsevol altre navegador web, visiti els documents de suport oficials del seu navegador.<\/span><\/p>\n<p dir=\"ltr\" data-placeholder=\"Traducci\u00f3n\" aria-label=\"Texto traducido\" data-ved=\"2ahUKEwi33ubN4tKGAxWtBtsEHe5hCjQQ3ewLegQIFxAU\">\n<p dir=\"ltr\" data-placeholder=\"Traducci\u00f3n\" aria-label=\"Texto traducido\" data-ved=\"2ahUKEwi33ubN4tKGAxWtBtsEHe5hCjQQ3ewLegQIFxAU\">\n","protected":false},"excerpt":{"rendered":"<p>Pol\u00edtica de cookies Data de vig\u00e8ncia: 11 de juny de 2024 \u00daltima actualitzaci\u00f3: 11 de juny de 2024 Qu\u00e8 s\u00f3n les galetes? Aquesta Pol\u00edtica de cookies explica qu\u00e8 s\u00f3n les cookies i com les fem servir, els tipus de cookies que fem servir, \u00e9s a dir, la informaci\u00f3 que recopilem fent servir cookies i com [&hellip;]<\/p>\n","protected":false},"author":1,"featured_media":0,"parent":0,"menu_order":0,"comment_status":"closed","ping_status":"closed","template":"","meta":{"_seopress_robots_primary_cat":"","_seopress_titles_title":"","_seopress_titles_desc":"","_seopress_robots_index":"","footnotes":""},"class_list":["post-919","page","type-page","status-publish","hentry"],"_links":{"self":[{"href":"https:\/\/www.glassgourmet.es\/ca\/wp-json\/wp\/v2\/pages\/919","targetHints":{"allow":["GET"]}}],"collection":[{"href":"https:\/\/www.glassgourmet.es\/ca\/wp-json\/wp\/v2\/pages"}],"about":[{"href":"https:\/\/www.glassgourmet.es\/ca\/wp-json\/wp\/v2\/types\/page"}],"author":[{"embeddable":true,"href":"https:\/\/www.glassgourmet.es\/ca\/wp-json\/wp\/v2\/users\/1"}],"replies":[{"embeddable":true,"href":"https:\/\/www.glassgourmet.es\/ca\/wp-json\/wp\/v2\/comments?post=919"}],"version-history":[{"count":5,"href":"https:\/\/www.glassgourmet.es\/ca\/wp-json\/wp\/v2\/pages\/919\/revisions"}],"predecessor-version":[{"id":1107,"href":"https:\/\/www.glassgourmet.es\/ca\/wp-json\/wp\/v2\/pages\/919\/revisions\/1107"}],"wp:attachment":[{"href":"https:\/\/www.glassgourmet.es\/ca\/wp-json\/wp\/v2\/media?parent=919"}],"curies":[{"name":"wp","href":"https:\/\/api.w.org\/{rel}","templated":true}]}}