{"id":915,"date":"2024-04-24T08:08:18","date_gmt":"2024-04-24T06:08:18","guid":{"rendered":"https:\/\/www.glassgourmet.es\/nosaltres\/"},"modified":"2024-07-29T16:17:31","modified_gmt":"2024-07-29T14:17:31","slug":"nosaltres","status":"publish","type":"page","link":"https:\/\/www.glassgourmet.es\/ca\/nosaltres\/","title":{"rendered":"Nosaltres"},"content":{"rendered":"\t\t<div data-elementor-type=\"wp-page\" data-elementor-id=\"915\" class=\"elementor elementor-915 elementor-26\" data-elementor-post-type=\"page\">\n\t\t\t\t<div class=\"elementor-element elementor-element-3ffea40 e-con-full e-flex e-con e-parent\" data-id=\"3ffea40\" data-element_type=\"container\" data-settings=\"{&quot;background_background&quot;:&quot;classic&quot;}\">\n\t\t\t\t<div class=\"elementor-element elementor-element-302e9f9 elementor-widget elementor-widget-spacer\" data-id=\"302e9f9\" data-element_type=\"widget\" data-widget_type=\"spacer.default\">\n\t\t\t\t<div class=\"elementor-widget-container\">\n\t\t\t\t\t\t\t<div class=\"elementor-spacer\">\n\t\t\t<div class=\"elementor-spacer-inner\"><\/div>\n\t\t<\/div>\n\t\t\t\t\t\t<\/div>\n\t\t\t\t<\/div>\n\t\t\t\t<\/div>\n\t\t<div class=\"elementor-element elementor-element-03a53fc e-flex e-con-boxed e-con e-parent\" data-id=\"03a53fc\" data-element_type=\"container\">\n\t\t\t\t\t<div class=\"e-con-inner\">\n\t\t<div class=\"elementor-element elementor-element-218129e e-con-full e-flex e-con e-child\" data-id=\"218129e\" data-element_type=\"container\">\n\t\t\t\t<div class=\"elementor-element elementor-element-c64bc3c elementor-widget__width-initial elementor-widget-tablet__width-inherit elementor-widget-mobile__width-initial elementor-widget elementor-widget-heading\" data-id=\"c64bc3c\" data-element_type=\"widget\" data-widget_type=\"heading.default\">\n\t\t\t\t<div class=\"elementor-widget-container\">\n\t\t\t\t\t<p class=\"elementor-heading-title elementor-size-default\">NOSALTRES<\/p>\t\t\t\t<\/div>\n\t\t\t\t<\/div>\n\t\t\t\t<\/div>\n\t\t<div class=\"elementor-element elementor-element-71e3272 e-con-full e-flex e-con e-child\" data-id=\"71e3272\" data-element_type=\"container\">\n\t\t\t\t<div class=\"elementor-element elementor-element-d059aac elementor-widget elementor-widget-text-editor\" data-id=\"d059aac\" data-element_type=\"widget\" data-widget_type=\"text-editor.default\">\n\t\t\t\t<div class=\"elementor-widget-container\">\n\t\t\t\t\t\t\t\t\t<p><span style=\"font-weight: 400;\">A Glassgourmet, l&#8217;art del vidre \u00e9s m\u00e9s que un ofici: \u00e9s <strong>la nostra hist\u00f2ria familiar<\/strong>.  <\/span><\/p>\n\t\t\t\t\t\t\t\t<\/div>\n\t\t\t\t<\/div>\n\t\t\t\t<\/div>\n\t\t\t\t<div class=\"elementor-element elementor-element-4e56c1d elementor-widget__width-inherit elementor-widget-divider--view-line elementor-widget elementor-widget-divider\" data-id=\"4e56c1d\" data-element_type=\"widget\" data-widget_type=\"divider.default\">\n\t\t\t\t<div class=\"elementor-widget-container\">\n\t\t\t\t\t\t\t<div class=\"elementor-divider\">\n\t\t\t<span class=\"elementor-divider-separator\">\n\t\t\t\t\t\t<\/span>\n\t\t<\/div>\n\t\t\t\t\t\t<\/div>\n\t\t\t\t<\/div>\n\t\t\t\t\t<\/div>\n\t\t\t\t<\/div>\n\t\t<div class=\"elementor-element elementor-element-9d74740 e-flex e-con-boxed e-con e-parent\" data-id=\"9d74740\" data-element_type=\"container\">\n\t\t\t\t\t<div class=\"e-con-inner\">\n\t\t<div class=\"elementor-element elementor-element-3722690 e-con-full e-flex e-con e-child\" data-id=\"3722690\" data-element_type=\"container\">\n\t\t\t\t<div class=\"elementor-element elementor-element-ad657a1 elementor-widget elementor-widget-heading\" data-id=\"ad657a1\" data-element_type=\"widget\" data-widget_type=\"heading.default\">\n\t\t\t\t<div class=\"elementor-widget-container\">\n\t\t\t\t\t<p class=\"elementor-heading-title elementor-size-default\">Hist\u00f2ria<\/p>\t\t\t\t<\/div>\n\t\t\t\t<\/div>\n\t\t\t\t<div class=\"elementor-element elementor-element-d3ba1b6 elementor-widget elementor-widget-image\" data-id=\"d3ba1b6\" data-element_type=\"widget\" data-widget_type=\"image.default\">\n\t\t\t\t<div class=\"elementor-widget-container\">\n\t\t\t\t\t\t\t\t\t\t\t\t\t\t\t<img fetchpriority=\"high\" decoding=\"async\" width=\"576\" height=\"350\" src=\"https:\/\/www.glassgourmet.es\/wp-content\/uploads\/2024\/06\/GG-NOSOTROS-HISTORIA-avi.png\" class=\"attachment-full size-full wp-image-747\" alt=\"\" srcset=\"https:\/\/www.glassgourmet.es\/wp-content\/uploads\/2024\/06\/GG-NOSOTROS-HISTORIA-avi.png 576w, https:\/\/www.glassgourmet.es\/wp-content\/uploads\/2024\/06\/GG-NOSOTROS-HISTORIA-avi-300x182.png 300w\" sizes=\"(max-width: 576px) 100vw, 576px\" \/>\t\t\t\t\t\t\t\t\t\t\t\t\t\t\t<\/div>\n\t\t\t\t<\/div>\n\t\t\t\t<\/div>\n\t\t\t\t<div class=\"elementor-element elementor-element-8a10f98 elementor-widget__width-initial elementor-widget-mobile__width-inherit elementor-widget elementor-widget-heading\" data-id=\"8a10f98\" data-element_type=\"widget\" data-widget_type=\"heading.default\">\n\t\t\t\t<div class=\"elementor-widget-container\">\n\t\t\t\t\t<p class=\"elementor-heading-title elementor-size-default\">Som la <b>tercera generaci\u00f3<\/b> d'artesans, i portem als nostres cors la passi\u00f3 i el llegat dels nostres predecessors.<\/p>\t\t\t\t<\/div>\n\t\t\t\t<\/div>\n\t\t\t\t\t<\/div>\n\t\t\t\t<\/div>\n\t\t<div class=\"elementor-element elementor-element-51f7e28 e-flex e-con-boxed e-con e-parent\" data-id=\"51f7e28\" data-element_type=\"container\">\n\t\t\t\t\t<div class=\"e-con-inner\">\n\t\t\t\t<div class=\"elementor-element elementor-element-02485ba elementor-widget elementor-widget-text-editor\" data-id=\"02485ba\" data-element_type=\"widget\" data-widget_type=\"text-editor.default\">\n\t\t\t\t<div class=\"elementor-widget-container\">\n\t\t\t\t\t\t\t\t\t<p><span style=\"font-weight: 400;\">Des del nostre taller a Barcelona, hem conservat l&#8217;ess\u00e8ncia de l&#8217;artesania tradicional, alhora que hem abra\u00e7at la innovaci\u00f3 introduint noves t\u00e8cniques i processos. Aquest equilibri ens permet crear peces que reflecteixen la nostra rica hist\u00f2ria i el nostre <strong>comprom\u00eds amb l&#8217;excel\u00b7l\u00e8ncia en cada detall.<\/strong><\/span><\/p>\n<p><span style=\"font-weight: 400;\"><strong>Des de 1965<\/strong>, ens inspira el passat, per\u00f2 la nostra mirada est\u00e0 posada en el futur, on cada pe\u00e7a que creiem \u00e9s un testimoni de la nostra creativitat i dedicaci\u00f3, i un homenatge als que ens van precedir.<\/span><\/p>\n\t\t\t\t\t\t\t\t<\/div>\n\t\t\t\t<\/div>\n\t\t\t\t<div class=\"elementor-element elementor-element-6d25187 elementor-widget elementor-widget-spacer\" data-id=\"6d25187\" data-element_type=\"widget\" data-widget_type=\"spacer.default\">\n\t\t\t\t<div class=\"elementor-widget-container\">\n\t\t\t\t\t\t\t<div class=\"elementor-spacer\">\n\t\t\t<div class=\"elementor-spacer-inner\"><\/div>\n\t\t<\/div>\n\t\t\t\t\t\t<\/div>\n\t\t\t\t<\/div>\n\t\t\t\t\t<\/div>\n\t\t\t\t<\/div>\n\t\t<div class=\"elementor-element elementor-element-6310f77 e-flex e-con-boxed e-con e-parent\" data-id=\"6310f77\" data-element_type=\"container\">\n\t\t\t\t\t<div class=\"e-con-inner\">\n\t\t\t\t<div class=\"elementor-element elementor-element-d9b10b5 elementor-widget__width-inherit elementor-widget-divider--view-line elementor-widget elementor-widget-divider\" data-id=\"d9b10b5\" data-element_type=\"widget\" data-widget_type=\"divider.default\">\n\t\t\t\t<div class=\"elementor-widget-container\">\n\t\t\t\t\t\t\t<div class=\"elementor-divider\">\n\t\t\t<span class=\"elementor-divider-separator\">\n\t\t\t\t\t\t<\/span>\n\t\t<\/div>\n\t\t\t\t\t\t<\/div>\n\t\t\t\t<\/div>\n\t\t<div class=\"elementor-element elementor-element-f3cd6c4 e-con-full e-flex e-con e-child\" data-id=\"f3cd6c4\" data-element_type=\"container\">\n\t\t\t\t<div class=\"elementor-element elementor-element-2e4c35a elementor-widget elementor-widget-heading\" data-id=\"2e4c35a\" data-element_type=\"widget\" data-widget_type=\"heading.default\">\n\t\t\t\t<div class=\"elementor-widget-container\">\n\t\t\t\t\t<p class=\"elementor-heading-title elementor-size-default\">T\u00e8cniques<\/p>\t\t\t\t<\/div>\n\t\t\t\t<\/div>\n\t\t\t\t<div class=\"elementor-element elementor-element-75ac135 elementor-widget elementor-widget-text-editor\" data-id=\"75ac135\" data-element_type=\"widget\" data-widget_type=\"text-editor.default\">\n\t\t\t\t<div class=\"elementor-widget-container\">\n\t\t\t\t\t\t\t\t\t<p><span style=\"font-weight: 400;\">A Glassgourmet, cada pe\u00e7a de vidre que creem \u00e9s el resultat de <strong>passi\u00f3, habilitat i dedicaci\u00f3. <\/strong> <\/span><\/p>\n<p><span style=\"font-weight: 400;\">Ens submergim en una varietat de t\u00e8cniques artesanals per assegurar-nos que cada article que surt del nostre taller sigui excepcional, reflectint la nostra passi\u00f3 i dedicaci\u00f3 en cada detall.<\/span><\/p>\n<p><span style=\"font-weight: 400;\">Des del vidre bufat, on emmotllem el vidre calent amb precisi\u00f3 per crear formes elegants i org\u00e0niques, o el borosilicat ideal per a cocteleria o peces sotmeses a xocs t\u00e8rmics, fins a la t\u00e8cnica del termo fos, que ens permet fondre per gravetat i crear diferents peces.  <\/span><\/p>\n<p><span style=\"font-weight: 400;\">Cada t\u00e8cnica ens permet expressar la nostra creativitat de manera \u00fanica i diferent.<\/span><\/p>\n<p><span style=\"font-weight: 400;\">Un dels nostres punts de distinci\u00f3 \u00e9s que ens fabriquem els nostres propis motlles, la qual cosa ens permet controlar cada detall, des del disseny fins a la producci\u00f3 final i el m\u00e9s important, la <strong>TRA\u00c7ABILITAT INTERNA<\/strong> de cada pe\u00e7a i garantir l&#8217;exclusivitat i anonimat als nostres clients.  <\/span><\/p>\n<p><span style=\"font-weight: 400;\">Ens especialitzem en una varietat d&#8217;acabats que agreguen aquest toc final perfecte a les nostres creacions. Ja sigui decorant a m\u00e0 amb gravats delicats o aplicant vitrificats, serigrafiats, sorrats&#8230;<\/span><\/p>\n<p><span style=\"font-weight: 400;\">A Glassgourmet, combinem l&#8217;artesania tradicional amb la innovaci\u00f3 constant.<\/span><\/p>\n<p><span style=\"font-weight: 400;\">Cada pe\u00e7a que creem no nom\u00e9s \u00e9s un objecte, sin\u00f3 una hist\u00f2ria de passi\u00f3, creativitat i dedicaci\u00f3 que esperem que formi part de la teva vida i els teus moments m\u00e9s especials.<\/span><\/p>\n\t\t\t\t\t\t\t\t<\/div>\n\t\t\t\t<\/div>\n\t\t\t\t<div class=\"elementor-element elementor-element-65479fa elementor-align-center elementor-widget elementor-widget-button\" data-id=\"65479fa\" data-element_type=\"widget\" data-widget_type=\"button.default\">\n\t\t\t\t<div class=\"elementor-widget-container\">\n\t\t\t\t\t\t\t\t\t<div class=\"elementor-button-wrapper\">\n\t\t\t\t\t<a class=\"elementor-button elementor-button-link elementor-size-sm\" href=\"https:\/\/www.glassgourmet.es\/ca\/contacte\/\">\n\t\t\t\t\t\t<span class=\"elementor-button-content-wrapper\">\n\t\t\t\t\t\t\t\t\t<span class=\"elementor-button-text\">Contacta amb nosaltres<\/span>\n\t\t\t\t\t<\/span>\n\t\t\t\t\t<\/a>\n\t\t\t\t<\/div>\n\t\t\t\t\t\t\t\t<\/div>\n\t\t\t\t<\/div>\n\t\t\t\t<\/div>\n\t\t\t\t<div class=\"elementor-element elementor-element-e4e2cf5 elementor-widget__width-initial elementor-widget-mobile__width-inherit elementor-widget elementor-widget-image\" data-id=\"e4e2cf5\" data-element_type=\"widget\" data-widget_type=\"image.default\">\n\t\t\t\t<div class=\"elementor-widget-container\">\n\t\t\t\t\t\t\t\t\t\t\t\t\t\t\t<img decoding=\"async\" width=\"532\" height=\"900\" src=\"https:\/\/www.glassgourmet.es\/wp-content\/uploads\/2024\/06\/GG-NOSOTROS-TECNICAS-1.png\" class=\"attachment-full size-full wp-image-743\" alt=\"\" srcset=\"https:\/\/www.glassgourmet.es\/wp-content\/uploads\/2024\/06\/GG-NOSOTROS-TECNICAS-1.png 532w, https:\/\/www.glassgourmet.es\/wp-content\/uploads\/2024\/06\/GG-NOSOTROS-TECNICAS-1-177x300.png 177w\" sizes=\"(max-width: 532px) 100vw, 532px\" \/>\t\t\t\t\t\t\t\t\t\t\t\t\t\t\t<\/div>\n\t\t\t\t<\/div>\n\t\t\t\t\t<\/div>\n\t\t\t\t<\/div>\n\t\t\t\t<\/div>\n\t\t","protected":false},"excerpt":{"rendered":"<p>NOSALTRES A Glassgourmet, l&#8217;art del vidre \u00e9s m\u00e9s que un ofici: \u00e9s la nostra hist\u00f2ria familiar. Hist\u00f2ria Som la tercera generaci\u00f3 d&#8217;artesans, i portem als nostres cors la passi\u00f3 i el llegat dels nostres predecessors. Des del nostre taller a Barcelona, hem conservat l&#8217;ess\u00e8ncia de l&#8217;artesania tradicional, alhora que hem abra\u00e7at la innovaci\u00f3 introduint noves [&hellip;]<\/p>\n","protected":false},"author":1,"featured_media":650,"parent":0,"menu_order":0,"comment_status":"closed","ping_status":"closed","template":"","meta":{"_seopress_robots_primary_cat":"","_seopress_titles_title":"Innovaci\u00f3 i Artesania en Vidre per a Alta Gastronomia","_seopress_titles_desc":"Els artesans del vidre estan revolucionant la gastronomia i la cocteleria amb innovadors dissenys en plats i gots. Explora la fusi\u00f3 de la tradici\u00f3 i la modernitat en la fabricaci\u00f3 artesanal de vidre.","_seopress_robots_index":"","footnotes":""},"class_list":["post-915","page","type-page","status-publish","has-post-thumbnail","hentry"],"_links":{"self":[{"href":"https:\/\/www.glassgourmet.es\/ca\/wp-json\/wp\/v2\/pages\/915","targetHints":{"allow":["GET"]}}],"collection":[{"href":"https:\/\/www.glassgourmet.es\/ca\/wp-json\/wp\/v2\/pages"}],"about":[{"href":"https:\/\/www.glassgourmet.es\/ca\/wp-json\/wp\/v2\/types\/page"}],"author":[{"embeddable":true,"href":"https:\/\/www.glassgourmet.es\/ca\/wp-json\/wp\/v2\/users\/1"}],"replies":[{"embeddable":true,"href":"https:\/\/www.glassgourmet.es\/ca\/wp-json\/wp\/v2\/comments?post=915"}],"version-history":[{"count":6,"href":"https:\/\/www.glassgourmet.es\/ca\/wp-json\/wp\/v2\/pages\/915\/revisions"}],"predecessor-version":[{"id":1272,"href":"https:\/\/www.glassgourmet.es\/ca\/wp-json\/wp\/v2\/pages\/915\/revisions\/1272"}],"wp:featuredmedia":[{"embeddable":true,"href":"https:\/\/www.glassgourmet.es\/ca\/wp-json\/wp\/v2\/media\/650"}],"wp:attachment":[{"href":"https:\/\/www.glassgourmet.es\/ca\/wp-json\/wp\/v2\/media?parent=915"}],"curies":[{"name":"wp","href":"https:\/\/api.w.org\/{rel}","templated":true}]}}