{"id":911,"date":"2024-04-23T16:45:46","date_gmt":"2024-04-23T14:45:46","guid":{"rendered":"https:\/\/www.glassgourmet.es\/inici\/"},"modified":"2024-07-04T21:55:39","modified_gmt":"2024-07-04T19:55:39","slug":"inici","status":"publish","type":"page","link":"https:\/\/www.glassgourmet.es\/ca\/","title":{"rendered":"Inici"},"content":{"rendered":"\t\t<div data-elementor-type=\"wp-page\" data-elementor-id=\"911\" class=\"elementor elementor-911 elementor-8\" data-elementor-post-type=\"page\">\n\t\t\t\t<div class=\"elementor-element elementor-element-51664b2 e-con-full e-flex e-con e-parent\" data-id=\"51664b2\" data-element_type=\"container\" data-settings=\"{&quot;background_play_on_mobile&quot;:&quot;yes&quot;,&quot;background_background&quot;:&quot;video&quot;,&quot;background_video_link&quot;:&quot;https:\\\/\\\/www.glassgourmet.es\\\/wp-content\\\/uploads\\\/2024\\\/06\\\/GLASSGOURMET_VIDEO-2-1.mp4&quot;,&quot;background_video_start&quot;:0}\">\n\t\t<div class=\"elementor-background-video-container\">\n\t\t\t\t\t\t\t<video class=\"elementor-background-video-hosted\" autoplay muted playsinline loop><\/video>\n\t\t\t\t\t<\/div>\t\t<div class=\"elementor-element elementor-element-2d08ff4 elementor-widget elementor-widget-spacer\" data-id=\"2d08ff4\" data-element_type=\"widget\" data-widget_type=\"spacer.default\">\n\t\t\t\t<div class=\"elementor-widget-container\">\n\t\t\t\t\t\t\t<div class=\"elementor-spacer\">\n\t\t\t<div class=\"elementor-spacer-inner\"><\/div>\n\t\t<\/div>\n\t\t\t\t\t\t<\/div>\n\t\t\t\t<\/div>\n\t\t\t\t<\/div>\n\t\t<div class=\"elementor-element elementor-element-586f65b e-flex e-con-boxed e-con e-parent\" data-id=\"586f65b\" data-element_type=\"container\">\n\t\t\t\t\t<div class=\"e-con-inner\">\n\t\t<div class=\"elementor-element elementor-element-6ace5da e-con-full e-flex e-con e-child\" data-id=\"6ace5da\" data-element_type=\"container\">\n\t\t\t\t<div class=\"elementor-element elementor-element-e5add66 elementor-widget__width-initial elementor-widget-tablet__width-inherit elementor-widget-mobile__width-initial elementor-widget elementor-widget-heading\" data-id=\"e5add66\" data-element_type=\"widget\" data-widget_type=\"heading.default\">\n\t\t\t\t<div class=\"elementor-widget-container\">\n\t\t\t\t\t<p class=\"elementor-heading-title elementor-size-default\">Passion for glass<\/p>\t\t\t\t<\/div>\n\t\t\t\t<\/div>\n\t\t\t\t<\/div>\n\t\t<div class=\"elementor-element elementor-element-5f4f18d e-con-full e-flex e-con e-child\" data-id=\"5f4f18d\" data-element_type=\"container\">\n\t\t\t\t<div class=\"elementor-element elementor-element-376ce91 elementor-widget elementor-widget-text-editor\" data-id=\"376ce91\" data-element_type=\"widget\" data-widget_type=\"text-editor.default\">\n\t\t\t\t<div class=\"elementor-widget-container\">\n\t\t\t\t\t\t\t\t\t<p><b>Benvingut a Glassgourmet: <\/b>On la passi\u00f3 per l&#8217;art del vidre es fusiona amb l&#8217;excel\u00b7l\u00e8ncia gastron\u00f2mica!<\/p>\n<p><span style=\"font-weight: 400;\">A Glassgourmet, som una <strong>empresa familiar i artesana<\/strong> que fusiona la tradici\u00f3 amb la innovaci\u00f3 per oferir-te una experi\u00e8ncia gastron\u00f2mica \u00fanica.  <\/span><\/p>\n<p><span style=\"font-weight: 400;\">Ens apassiona l&#8217;art del vidre i la gastronomia d&#8217;alta qualitat, i ens dediquem a compartir aquesta passi\u00f3 amb tu.<\/span><\/p>\n\t\t\t\t\t\t\t\t<\/div>\n\t\t\t\t<\/div>\n\t\t\t\t<\/div>\n\t\t\t\t<div class=\"elementor-element elementor-element-e2c9aba elementor-widget__width-inherit elementor-widget-divider--view-line elementor-widget elementor-widget-divider\" data-id=\"e2c9aba\" data-element_type=\"widget\" data-widget_type=\"divider.default\">\n\t\t\t\t<div class=\"elementor-widget-container\">\n\t\t\t\t\t\t\t<div class=\"elementor-divider\">\n\t\t\t<span class=\"elementor-divider-separator\">\n\t\t\t\t\t\t<\/span>\n\t\t<\/div>\n\t\t\t\t\t\t<\/div>\n\t\t\t\t<\/div>\n\t\t\t\t\t<\/div>\n\t\t\t\t<\/div>\n\t\t<div class=\"elementor-element elementor-element-b671c44 e-flex e-con-boxed e-con e-parent\" data-id=\"b671c44\" data-element_type=\"container\">\n\t\t\t\t\t<div class=\"e-con-inner\">\n\t\t\t\t<div class=\"elementor-element elementor-element-30e9919 elementor-widget elementor-widget-heading\" data-id=\"30e9919\" data-element_type=\"widget\" data-widget_type=\"heading.default\">\n\t\t\t\t<div class=\"elementor-widget-container\">\n\t\t\t\t\t<h2 class=\"elementor-heading-title elementor-size-default\">Els nostres productes<\/h2>\t\t\t\t<\/div>\n\t\t\t\t<\/div>\n\t\t\t\t<div class=\"elementor-element elementor-element-b54059f elementor-widget elementor-widget-spacer\" data-id=\"b54059f\" data-element_type=\"widget\" data-widget_type=\"spacer.default\">\n\t\t\t\t<div class=\"elementor-widget-container\">\n\t\t\t\t\t\t\t<div class=\"elementor-spacer\">\n\t\t\t<div class=\"elementor-spacer-inner\"><\/div>\n\t\t<\/div>\n\t\t\t\t\t\t<\/div>\n\t\t\t\t<\/div>\n\t\t\t\t<div class=\"elementor-element elementor-element-647753f elementor-widget__width-initial elementor-widget-mobile__width-inherit elementor-widget elementor-widget-text-editor\" data-id=\"647753f\" data-element_type=\"widget\" data-widget_type=\"text-editor.default\">\n\t\t\t\t<div class=\"elementor-widget-container\">\n\t\t\t\t\t\t\t\t\t<p><span style=\"font-weight: 400;\">Cada pe\u00e7a en el nostre cat\u00e0leg \u00e9s el resultat d&#8217;anys d&#8217;experi\u00e8ncia i un profund comprom\u00eds amb l&#8217;artesania. Ens enorgulleix dir que cada article de Glassgourmet est\u00e0 acuradament dissenyat i fabricat per artesans amb les seves mans expertes, transmetent aix\u00ed un toc<strong> d&#8217;autenticitat i qualitat<\/strong> que nom\u00e9s una empresa artesana pot oferir.<\/span><\/p>\n<p><span style=\"font-weight: 400;\">A Glassgourmet, valorem la qualitat i la <strong>sostenibilitat<\/strong>. Per aix\u00f2, utilitzem&nbsp;<strong>materials de primera qualitat<\/strong> i pr\u00e0ctiques responsables en tot el nostre proc\u00e9s de fabricaci\u00f3. A m\u00e9s, Estem cont\u00ednuament en la recerca d&#8217;innovacions i millores per oferir productes que no nom\u00e9s siguin funcionals, sin\u00f3 tamb\u00e9 respectuosos amb el medi ambient.<\/span><\/p>\n<p><span style=\"font-weight: 400;\">Explora el nostre cat\u00e0leg i descobreix com els productes de Glassgourmet poden elevar les teves experi\u00e8ncies sensorials a noves al\u00e7ades. <\/span><\/p>\n<p><span style=\"font-weight: 400;\">Benvingut a Glassgourmet, on la calidesa de l&#8217;artes\u00e0 es troba amb l&#8217;eleg\u00e0ncia de la funcionalitat!<\/span><\/p>\n<p><span style=\"font-weight: 400;\">Des de la nostra seu a Barcelona, Glassgourmet porta l&#8217;excel\u00b7l\u00e8ncia del vidre a clients a tot el m\u00f3n.<\/span><\/p>\t\t\t\t\t\t\t\t<\/div>\n\t\t\t\t<\/div>\n\t\t\t\t<div class=\"elementor-element elementor-element-8cd61a0 elementor-widget elementor-widget-image\" data-id=\"8cd61a0\" data-element_type=\"widget\" data-widget_type=\"image.default\">\n\t\t\t\t<div class=\"elementor-widget-container\">\n\t\t\t\t\t\t\t\t\t\t\t\t\t\t\t<img fetchpriority=\"high\" decoding=\"async\" width=\"2622\" height=\"1207\" src=\"https:\/\/www.glassgourmet.es\/wp-content\/uploads\/2024\/04\/PLAT26-1.png\" class=\"attachment-full size-full wp-image-55\" alt=\"\" srcset=\"https:\/\/www.glassgourmet.es\/wp-content\/uploads\/2024\/04\/PLAT26-1.png 2622w, https:\/\/www.glassgourmet.es\/wp-content\/uploads\/2024\/04\/PLAT26-1-300x138.png 300w, https:\/\/www.glassgourmet.es\/wp-content\/uploads\/2024\/04\/PLAT26-1-1024x471.png 1024w, https:\/\/www.glassgourmet.es\/wp-content\/uploads\/2024\/04\/PLAT26-1-768x354.png 768w, https:\/\/www.glassgourmet.es\/wp-content\/uploads\/2024\/04\/PLAT26-1-1536x707.png 1536w, https:\/\/www.glassgourmet.es\/wp-content\/uploads\/2024\/04\/PLAT26-1-2048x943.png 2048w\" sizes=\"(max-width: 2622px) 100vw, 2622px\" \/>\t\t\t\t\t\t\t\t\t\t\t\t\t\t\t<\/div>\n\t\t\t\t<\/div>\n\t\t\t\t<div class=\"elementor-element elementor-element-28c5fbe elementor-align-center elementor-widget elementor-widget-button\" data-id=\"28c5fbe\" data-element_type=\"widget\" data-widget_type=\"button.default\">\n\t\t\t\t<div class=\"elementor-widget-container\">\n\t\t\t\t\t\t\t\t\t<div class=\"elementor-button-wrapper\">\n\t\t\t\t\t<a class=\"elementor-button elementor-button-link elementor-size-sm\" href=\"https:\/\/www.glassgourmet.es\/ca\/productes\/\">\n\t\t\t\t\t\t<span class=\"elementor-button-content-wrapper\">\n\t\t\t\t\t\t\t\t\t<span class=\"elementor-button-text\">Productes<\/span>\n\t\t\t\t\t<\/span>\n\t\t\t\t\t<\/a>\n\t\t\t\t<\/div>\n\t\t\t\t\t\t\t\t<\/div>\n\t\t\t\t<\/div>\n\t\t\t\t<div class=\"elementor-element elementor-element-efcbc1b elementor-widget elementor-widget-spacer\" data-id=\"efcbc1b\" data-element_type=\"widget\" data-widget_type=\"spacer.default\">\n\t\t\t\t<div class=\"elementor-widget-container\">\n\t\t\t\t\t\t\t<div class=\"elementor-spacer\">\n\t\t\t<div class=\"elementor-spacer-inner\"><\/div>\n\t\t<\/div>\n\t\t\t\t\t\t<\/div>\n\t\t\t\t<\/div>\n\t\t\t\t<div class=\"elementor-element elementor-element-ad1421e elementor-widget elementor-widget-heading\" data-id=\"ad1421e\" data-element_type=\"widget\" data-widget_type=\"heading.default\">\n\t\t\t\t<div class=\"elementor-widget-container\">\n\t\t\t\t\t<h2 class=\"elementor-heading-title elementor-size-default\">Suports de taula<\/h2>\t\t\t\t<\/div>\n\t\t\t\t<\/div>\n\t\t\t\t<div class=\"elementor-element elementor-element-82878da elementor-arrows-position-inside elementor-widget elementor-widget-image-carousel\" data-id=\"82878da\" data-element_type=\"widget\" data-settings=\"{&quot;slides_to_show&quot;:&quot;3&quot;,&quot;slides_to_scroll&quot;:&quot;1&quot;,&quot;navigation&quot;:&quot;arrows&quot;,&quot;speed&quot;:900,&quot;image_spacing_custom&quot;:{&quot;unit&quot;:&quot;px&quot;,&quot;size&quot;:18,&quot;sizes&quot;:[]},&quot;autoplay&quot;:&quot;yes&quot;,&quot;autoplay_speed&quot;:5000,&quot;infinite&quot;:&quot;yes&quot;,&quot;image_spacing_custom_tablet&quot;:{&quot;unit&quot;:&quot;px&quot;,&quot;size&quot;:&quot;&quot;,&quot;sizes&quot;:[]},&quot;image_spacing_custom_mobile&quot;:{&quot;unit&quot;:&quot;px&quot;,&quot;size&quot;:&quot;&quot;,&quot;sizes&quot;:[]}}\" data-widget_type=\"image-carousel.default\">\n\t\t\t\t<div class=\"elementor-widget-container\">\n\t\t\t\t\t\t\t<div class=\"elementor-image-carousel-wrapper swiper\" role=\"region\" aria-roledescription=\"carousel\" aria-label=\"Carrusel d&#039;imatges\" dir=\"ltr\">\n\t\t\t<div class=\"elementor-image-carousel swiper-wrapper\" aria-live=\"off\">\n\t\t\t\t\t\t\t\t<div class=\"swiper-slide\" role=\"group\" aria-roledescription=\"slide\" aria-label=\"1 de 5\"><figure class=\"swiper-slide-inner\"><img decoding=\"async\" class=\"swiper-slide-image\" src=\"https:\/\/www.glassgourmet.es\/wp-content\/uploads\/2024\/06\/GG-HOME-CARRUSEL-SOPORTES-6.jpg\" alt=\"GG-HOME-CARRUSEL-SOPORTES-6\" \/><\/figure><\/div><div class=\"swiper-slide\" role=\"group\" aria-roledescription=\"slide\" aria-label=\"2 de 5\"><figure class=\"swiper-slide-inner\"><img decoding=\"async\" class=\"swiper-slide-image\" src=\"https:\/\/www.glassgourmet.es\/wp-content\/uploads\/2024\/06\/GG-HOME-CARRUSEL-SOPORTES-5.jpg\" alt=\"GG-HOME-CARRUSEL-SOPORTES-5\" \/><\/figure><\/div><div class=\"swiper-slide\" role=\"group\" aria-roledescription=\"slide\" aria-label=\"3 de 5\"><figure class=\"swiper-slide-inner\"><img decoding=\"async\" class=\"swiper-slide-image\" src=\"https:\/\/www.glassgourmet.es\/wp-content\/uploads\/2024\/06\/GG-HOME-CARRUSEL-SOPORTES-4.jpg\" alt=\"GG-HOME-CARRUSEL-SOPORTES-4\" \/><\/figure><\/div><div class=\"swiper-slide\" role=\"group\" aria-roledescription=\"slide\" aria-label=\"4 de 5\"><figure class=\"swiper-slide-inner\"><img decoding=\"async\" class=\"swiper-slide-image\" src=\"https:\/\/www.glassgourmet.es\/wp-content\/uploads\/2024\/06\/GG-HOME-CARRUSEL-SOPORTES-2.jpg\" alt=\"GG-HOME-CARRUSEL-SOPORTES-2\" \/><\/figure><\/div><div class=\"swiper-slide\" role=\"group\" aria-roledescription=\"slide\" aria-label=\"5 de 5\"><figure class=\"swiper-slide-inner\"><img decoding=\"async\" class=\"swiper-slide-image\" src=\"https:\/\/www.glassgourmet.es\/wp-content\/uploads\/2024\/06\/GG-HOME-CARRUSEL-SOPORTES-1.jpg\" alt=\"GG-HOME-CARRUSEL-SOPORTES-1\" \/><\/figure><\/div>\t\t\t<\/div>\n\t\t\t\t\t\t\t\t\t\t\t\t<div class=\"elementor-swiper-button elementor-swiper-button-prev\" role=\"button\" tabindex=\"0\">\n\t\t\t\t\t\t<svg aria-hidden=\"true\" class=\"e-font-icon-svg e-eicon-chevron-left\" viewBox=\"0 0 1000 1000\" xmlns=\"http:\/\/www.w3.org\/2000\/svg\"><path d=\"M646 125C629 125 613 133 604 142L308 442C296 454 292 471 292 487 292 504 296 521 308 533L604 854C617 867 629 875 646 875 663 875 679 871 692 858 704 846 713 829 713 812 713 796 708 779 692 767L438 487 692 225C700 217 708 204 708 187 708 171 704 154 692 142 675 129 663 125 646 125Z\"><\/path><\/svg>\t\t\t\t\t<\/div>\n\t\t\t\t\t<div class=\"elementor-swiper-button elementor-swiper-button-next\" role=\"button\" tabindex=\"0\">\n\t\t\t\t\t\t<svg aria-hidden=\"true\" class=\"e-font-icon-svg e-eicon-chevron-right\" viewBox=\"0 0 1000 1000\" xmlns=\"http:\/\/www.w3.org\/2000\/svg\"><path d=\"M696 533C708 521 713 504 713 487 713 471 708 454 696 446L400 146C388 133 375 125 354 125 338 125 325 129 313 142 300 154 292 171 292 187 292 204 296 221 308 233L563 492 304 771C292 783 288 800 288 817 288 833 296 850 308 863 321 871 338 875 354 875 371 875 388 867 400 854L696 533Z\"><\/path><\/svg>\t\t\t\t\t<\/div>\n\t\t\t\t\n\t\t\t\t\t\t\t\t\t<\/div>\n\t\t\t\t\t\t<\/div>\n\t\t\t\t<\/div>\n\t\t\t\t<div class=\"elementor-element elementor-element-58ef7ef elementor-widget elementor-widget-spacer\" data-id=\"58ef7ef\" data-element_type=\"widget\" data-widget_type=\"spacer.default\">\n\t\t\t\t<div class=\"elementor-widget-container\">\n\t\t\t\t\t\t\t<div class=\"elementor-spacer\">\n\t\t\t<div class=\"elementor-spacer-inner\"><\/div>\n\t\t<\/div>\n\t\t\t\t\t\t<\/div>\n\t\t\t\t<\/div>\n\t\t\t\t<div class=\"elementor-element elementor-element-bb5164c elementor-widget elementor-widget-heading\" data-id=\"bb5164c\" data-element_type=\"widget\" data-widget_type=\"heading.default\">\n\t\t\t\t<div class=\"elementor-widget-container\">\n\t\t\t\t\t<h2 class=\"elementor-heading-title elementor-size-default\">Cocteleria<\/h2>\t\t\t\t<\/div>\n\t\t\t\t<\/div>\n\t\t\t\t<div class=\"elementor-element elementor-element-e08f38d elementor-arrows-position-inside elementor-widget elementor-widget-image-carousel\" data-id=\"e08f38d\" data-element_type=\"widget\" data-settings=\"{&quot;slides_to_show&quot;:&quot;3&quot;,&quot;slides_to_scroll&quot;:&quot;1&quot;,&quot;navigation&quot;:&quot;arrows&quot;,&quot;speed&quot;:900,&quot;image_spacing_custom&quot;:{&quot;unit&quot;:&quot;px&quot;,&quot;size&quot;:18,&quot;sizes&quot;:[]},&quot;autoplay&quot;:&quot;yes&quot;,&quot;autoplay_speed&quot;:5000,&quot;infinite&quot;:&quot;yes&quot;,&quot;image_spacing_custom_tablet&quot;:{&quot;unit&quot;:&quot;px&quot;,&quot;size&quot;:&quot;&quot;,&quot;sizes&quot;:[]},&quot;image_spacing_custom_mobile&quot;:{&quot;unit&quot;:&quot;px&quot;,&quot;size&quot;:&quot;&quot;,&quot;sizes&quot;:[]}}\" data-widget_type=\"image-carousel.default\">\n\t\t\t\t<div class=\"elementor-widget-container\">\n\t\t\t\t\t\t\t<div class=\"elementor-image-carousel-wrapper swiper\" role=\"region\" aria-roledescription=\"carousel\" aria-label=\"Carrusel d&#039;imatges\" dir=\"ltr\">\n\t\t\t<div class=\"elementor-image-carousel swiper-wrapper\" aria-live=\"off\">\n\t\t\t\t\t\t\t\t<div class=\"swiper-slide\" role=\"group\" aria-roledescription=\"slide\" aria-label=\"1 de 6\"><figure class=\"swiper-slide-inner\"><img decoding=\"async\" class=\"swiper-slide-image\" src=\"https:\/\/www.glassgourmet.es\/wp-content\/uploads\/2024\/06\/GG-HOME-CARRUSEL-COCTELERIA-6.jpg\" alt=\"GG-HOME-CARRUSEL-COCTELERIA-6\" \/><\/figure><\/div><div class=\"swiper-slide\" role=\"group\" aria-roledescription=\"slide\" aria-label=\"2 de 6\"><figure class=\"swiper-slide-inner\"><img decoding=\"async\" class=\"swiper-slide-image\" src=\"https:\/\/www.glassgourmet.es\/wp-content\/uploads\/2024\/06\/GG-HOME-CARRUSEL-COCTELERIA-5.jpg\" alt=\"GG-HOME-CARRUSEL-COCTELERIA-5\" \/><\/figure><\/div><div class=\"swiper-slide\" role=\"group\" aria-roledescription=\"slide\" aria-label=\"3 de 6\"><figure class=\"swiper-slide-inner\"><img decoding=\"async\" class=\"swiper-slide-image\" src=\"https:\/\/www.glassgourmet.es\/wp-content\/uploads\/2024\/06\/GG-HOME-CARRUSEL-COCTELERIA-4.jpg\" alt=\"GG-HOME-CARRUSEL-COCTELERIA-4\" \/><\/figure><\/div><div class=\"swiper-slide\" role=\"group\" aria-roledescription=\"slide\" aria-label=\"4 de 6\"><figure class=\"swiper-slide-inner\"><img decoding=\"async\" class=\"swiper-slide-image\" src=\"https:\/\/www.glassgourmet.es\/wp-content\/uploads\/2024\/06\/GG-HOME-CARRUSEL-COCTELERIA-3.jpg\" alt=\"GG-HOME-CARRUSEL-COCTELERIA-3\" \/><\/figure><\/div><div class=\"swiper-slide\" role=\"group\" aria-roledescription=\"slide\" aria-label=\"5 de 6\"><figure class=\"swiper-slide-inner\"><img decoding=\"async\" class=\"swiper-slide-image\" src=\"https:\/\/www.glassgourmet.es\/wp-content\/uploads\/2024\/06\/GG-HOME-CARRUSEL-COCTELERIA-2.jpg\" alt=\"GG-HOME-CARRUSEL-COCTELERIA-2\" \/><\/figure><\/div><div class=\"swiper-slide\" role=\"group\" aria-roledescription=\"slide\" aria-label=\"6 de 6\"><figure class=\"swiper-slide-inner\"><img decoding=\"async\" class=\"swiper-slide-image\" src=\"https:\/\/www.glassgourmet.es\/wp-content\/uploads\/2024\/06\/GG-HOME-CARRUSEL-COCTELERIA-1.jpg\" alt=\"GG-HOME-CARRUSEL-COCTELERIA-1\" \/><\/figure><\/div>\t\t\t<\/div>\n\t\t\t\t\t\t\t\t\t\t\t\t<div class=\"elementor-swiper-button elementor-swiper-button-prev\" role=\"button\" tabindex=\"0\">\n\t\t\t\t\t\t<svg aria-hidden=\"true\" class=\"e-font-icon-svg e-eicon-chevron-left\" viewBox=\"0 0 1000 1000\" xmlns=\"http:\/\/www.w3.org\/2000\/svg\"><path d=\"M646 125C629 125 613 133 604 142L308 442C296 454 292 471 292 487 292 504 296 521 308 533L604 854C617 867 629 875 646 875 663 875 679 871 692 858 704 846 713 829 713 812 713 796 708 779 692 767L438 487 692 225C700 217 708 204 708 187 708 171 704 154 692 142 675 129 663 125 646 125Z\"><\/path><\/svg>\t\t\t\t\t<\/div>\n\t\t\t\t\t<div class=\"elementor-swiper-button elementor-swiper-button-next\" role=\"button\" tabindex=\"0\">\n\t\t\t\t\t\t<svg aria-hidden=\"true\" class=\"e-font-icon-svg e-eicon-chevron-right\" viewBox=\"0 0 1000 1000\" xmlns=\"http:\/\/www.w3.org\/2000\/svg\"><path d=\"M696 533C708 521 713 504 713 487 713 471 708 454 696 446L400 146C388 133 375 125 354 125 338 125 325 129 313 142 300 154 292 171 292 187 292 204 296 221 308 233L563 492 304 771C292 783 288 800 288 817 288 833 296 850 308 863 321 871 338 875 354 875 371 875 388 867 400 854L696 533Z\"><\/path><\/svg>\t\t\t\t\t<\/div>\n\t\t\t\t\n\t\t\t\t\t\t\t\t\t<\/div>\n\t\t\t\t\t\t<\/div>\n\t\t\t\t<\/div>\n\t\t\t\t<div class=\"elementor-element elementor-element-e73dddb elementor-widget__width-inherit elementor-widget-divider--view-line elementor-widget elementor-widget-divider\" data-id=\"e73dddb\" data-element_type=\"widget\" data-widget_type=\"divider.default\">\n\t\t\t\t<div class=\"elementor-widget-container\">\n\t\t\t\t\t\t\t<div class=\"elementor-divider\">\n\t\t\t<span class=\"elementor-divider-separator\">\n\t\t\t\t\t\t<\/span>\n\t\t<\/div>\n\t\t\t\t\t\t<\/div>\n\t\t\t\t<\/div>\n\t\t\t\t\t<\/div>\n\t\t\t\t<\/div>\n\t\t<div class=\"elementor-element elementor-element-9d730ea e-flex e-con-boxed e-con e-parent\" data-id=\"9d730ea\" data-element_type=\"container\">\n\t\t\t\t\t<div class=\"e-con-inner\">\n\t\t\t\t<div class=\"elementor-element elementor-element-60df2d7 elementor-widget__width-initial elementor-widget-mobile__width-inherit elementor-widget elementor-widget-heading\" data-id=\"60df2d7\" data-element_type=\"widget\" data-widget_type=\"heading.default\">\n\t\t\t\t<div class=\"elementor-widget-container\">\n\t\t\t\t\t<p class=\"elementor-heading-title elementor-size-default\">On trobar-nos?<\/p>\t\t\t\t<\/div>\n\t\t\t\t<\/div>\n\t\t\t\t<div class=\"elementor-element elementor-element-cb99804 elementor-widget-mobile__width-initial elementor-icon-list--layout-traditional elementor-list-item-link-full_width elementor-widget elementor-widget-icon-list\" data-id=\"cb99804\" data-element_type=\"widget\" data-widget_type=\"icon-list.default\">\n\t\t\t\t<div class=\"elementor-widget-container\">\n\t\t\t\t\t\t\t<ul class=\"elementor-icon-list-items\">\n\t\t\t\t\t\t\t<li class=\"elementor-icon-list-item\">\n\t\t\t\t\t\t\t\t\t\t<span class=\"elementor-icon-list-text\">Glassgourmet*<\/span>\n\t\t\t\t\t\t\t\t\t<\/li>\n\t\t\t\t\t\t\t\t<li class=\"elementor-icon-list-item\">\n\t\t\t\t\t\t\t\t\t\t<span class=\"elementor-icon-list-text\">C\/ Alt, 13 \u2013 nau 6<\/span>\n\t\t\t\t\t\t\t\t\t<\/li>\n\t\t\t\t\t\t\t\t<li class=\"elementor-icon-list-item\">\n\t\t\t\t\t\t\t\t\t\t<span class=\"elementor-icon-list-text\">08191 Rub\u00ed (Barcelona)<\/span>\n\t\t\t\t\t\t\t\t\t<\/li>\n\t\t\t\t\t\t\t\t<li class=\"elementor-icon-list-item\">\n\t\t\t\t\t\t\t\t\t\t<span class=\"elementor-icon-list-text\">Tel: + 34 93 588 20 00<\/span>\n\t\t\t\t\t\t\t\t\t<\/li>\n\t\t\t\t\t\t\t\t<li class=\"elementor-icon-list-item\">\n\t\t\t\t\t\t\t\t\t\t\t<a href=\"mailto:info@glassgourmet.es\">\n\n\t\t\t\t\t\t\t\t\t\t\t<span class=\"elementor-icon-list-text\">info@glassgourmet.es<\/span>\n\t\t\t\t\t\t\t\t\t\t\t<\/a>\n\t\t\t\t\t\t\t\t\t<\/li>\n\t\t\t\t\t\t<\/ul>\n\t\t\t\t\t\t<\/div>\n\t\t\t\t<\/div>\n\t\t\t\t<div class=\"elementor-element elementor-element-bc06d21 elementor-widget elementor-widget-google_maps\" data-id=\"bc06d21\" data-element_type=\"widget\" data-widget_type=\"google_maps.default\">\n\t\t\t\t<div class=\"elementor-widget-container\">\n\t\t\t\t\t\t\t<div class=\"elementor-custom-embed\">\n\t\t\t<iframe loading=\"lazy\"\n\t\t\t\t\tsrc=\"https:\/\/maps.google.com\/maps?q=Carrer%20Alt%2C%2013%20%E2%80%93%20nave%206%2C%2008191%20Rub%C3%AD%20%28Barcelona%29&#038;t=m&#038;z=15&#038;output=embed&#038;iwloc=near\"\n\t\t\t\t\ttitle=\"Carrer Alt, 13 \u2013 nave 6, 08191 Rub\u00ed (Barcelona)\"\n\t\t\t\t\taria-label=\"Carrer Alt, 13 \u2013 nave 6, 08191 Rub\u00ed (Barcelona)\"\n\t\t\t><\/iframe>\n\t\t<\/div>\n\t\t\t\t\t\t<\/div>\n\t\t\t\t<\/div>\n\t\t\t\t\t<\/div>\n\t\t\t\t<\/div>\n\t\t\t\t<\/div>\n\t\t","protected":false},"excerpt":{"rendered":"<p>Passion for glass Benvingut a Glassgourmet: On la passi\u00f3 per l&#8217;art del vidre es fusiona amb l&#8217;excel\u00b7l\u00e8ncia gastron\u00f2mica! A Glassgourmet, som una empresa familiar i artesana que fusiona la tradici\u00f3 amb la innovaci\u00f3 per oferir-te una experi\u00e8ncia gastron\u00f2mica \u00fanica. Ens apassiona l&#8217;art del vidre i la gastronomia d&#8217;alta qualitat, i ens dediquem a compartir aquesta [&hellip;]<\/p>\n","protected":false},"author":1,"featured_media":696,"parent":0,"menu_order":0,"comment_status":"closed","ping_status":"closed","template":"","meta":{"_seopress_robots_primary_cat":"","_seopress_titles_title":"Vidre per a Gastronomia - Plats i Gots de Disseny Artes\u00e0","_seopress_titles_desc":"Plats i gots de c\u00f2ctel de disseny per a alta gastronomia. Innovaci\u00f3 i fabricaci\u00f3 artesana.","_seopress_robots_index":"","footnotes":""},"class_list":["post-911","page","type-page","status-publish","has-post-thumbnail","hentry"],"_links":{"self":[{"href":"https:\/\/www.glassgourmet.es\/ca\/wp-json\/wp\/v2\/pages\/911","targetHints":{"allow":["GET"]}}],"collection":[{"href":"https:\/\/www.glassgourmet.es\/ca\/wp-json\/wp\/v2\/pages"}],"about":[{"href":"https:\/\/www.glassgourmet.es\/ca\/wp-json\/wp\/v2\/types\/page"}],"author":[{"embeddable":true,"href":"https:\/\/www.glassgourmet.es\/ca\/wp-json\/wp\/v2\/users\/1"}],"replies":[{"embeddable":true,"href":"https:\/\/www.glassgourmet.es\/ca\/wp-json\/wp\/v2\/comments?post=911"}],"version-history":[{"count":14,"href":"https:\/\/www.glassgourmet.es\/ca\/wp-json\/wp\/v2\/pages\/911\/revisions"}],"predecessor-version":[{"id":1244,"href":"https:\/\/www.glassgourmet.es\/ca\/wp-json\/wp\/v2\/pages\/911\/revisions\/1244"}],"wp:featuredmedia":[{"embeddable":true,"href":"https:\/\/www.glassgourmet.es\/ca\/wp-json\/wp\/v2\/media\/696"}],"wp:attachment":[{"href":"https:\/\/www.glassgourmet.es\/ca\/wp-json\/wp\/v2\/media?parent=911"}],"curies":[{"name":"wp","href":"https:\/\/api.w.org\/{rel}","templated":true}]}}