{"id":1392,"date":"2025-04-20T09:09:35","date_gmt":"2025-04-20T07:09:35","guid":{"rendered":"https:\/\/www.glassgourmet.es\/cupules\/"},"modified":"2025-04-20T10:45:11","modified_gmt":"2025-04-20T08:45:11","slug":"cupules","status":"publish","type":"page","link":"https:\/\/www.glassgourmet.es\/ca\/cupules\/","title":{"rendered":"S\u00e8rie Vira"},"content":{"rendered":"\t\t<div data-elementor-type=\"wp-page\" data-elementor-id=\"1392\" class=\"elementor elementor-1392 elementor-1282\" data-elementor-post-type=\"page\">\n\t\t\t\t<div class=\"elementor-element elementor-element-3ffea40 e-flex e-con-boxed e-con e-parent\" data-id=\"3ffea40\" data-element_type=\"container\" data-settings=\"{&quot;background_background&quot;:&quot;classic&quot;}\">\n\t\t\t\t\t<div class=\"e-con-inner\">\n\t\t\t\t<div class=\"elementor-element elementor-element-302e9f9 elementor-widget elementor-widget-spacer\" data-id=\"302e9f9\" data-element_type=\"widget\" data-widget_type=\"spacer.default\">\n\t\t\t\t<div class=\"elementor-widget-container\">\n\t\t\t\t\t\t\t<div class=\"elementor-spacer\">\n\t\t\t<div class=\"elementor-spacer-inner\"><\/div>\n\t\t<\/div>\n\t\t\t\t\t\t<\/div>\n\t\t\t\t<\/div>\n\t\t\t\t\t<\/div>\n\t\t\t\t<\/div>\n\t\t<div class=\"elementor-element elementor-element-dc4b9f0 e-flex e-con-boxed e-con e-parent\" data-id=\"dc4b9f0\" data-element_type=\"container\">\n\t\t\t\t\t<div class=\"e-con-inner\">\n\t\t<a class=\"elementor-element elementor-element-d584183 e-con-full e-flex e-con e-child\" data-id=\"d584183\" data-element_type=\"container\" href=\"https:\/\/www.glassgourmet.es\/wp-content\/uploads\/2025\/04\/SERIE-VIRA.pdf\" target=\"_blank\">\n\t\t\t\t<div class=\"elementor-element elementor-element-f1a523f elementor-widget__width-inherit elementor-widget elementor-widget-image\" data-id=\"f1a523f\" data-element_type=\"widget\" data-widget_type=\"image.default\">\n\t\t\t\t<div class=\"elementor-widget-container\">\n\t\t\t\t\t\t\t\t\t\t\t\t\t\t\t<img fetchpriority=\"high\" decoding=\"async\" width=\"500\" height=\"500\" src=\"https:\/\/www.glassgourmet.es\/wp-content\/uploads\/2025\/04\/Serie-Vira-imatge.jpg\" class=\"attachment-full size-full wp-image-1335\" alt=\"\" srcset=\"https:\/\/www.glassgourmet.es\/wp-content\/uploads\/2025\/04\/Serie-Vira-imatge.jpg 500w, https:\/\/www.glassgourmet.es\/wp-content\/uploads\/2025\/04\/Serie-Vira-imatge-300x300.jpg 300w, https:\/\/www.glassgourmet.es\/wp-content\/uploads\/2025\/04\/Serie-Vira-imatge-150x150.jpg 150w\" sizes=\"(max-width: 500px) 100vw, 500px\" \/>\t\t\t\t\t\t\t\t\t\t\t\t\t\t\t<\/div>\n\t\t\t\t<\/div>\n\t\t\t\t<div class=\"elementor-element elementor-element-6f2e5c9 elementor-widget__width-initial elementor-widget elementor-widget-image\" data-id=\"6f2e5c9\" data-element_type=\"widget\" data-widget_type=\"image.default\">\n\t\t\t\t<div class=\"elementor-widget-container\">\n\t\t\t\t\t\t\t\t\t\t\t\t\t\t\t<img decoding=\"async\" width=\"1080\" height=\"1080\" src=\"https:\/\/www.glassgourmet.es\/wp-content\/uploads\/2024\/06\/downloag.png\" class=\"attachment-full size-full wp-image-446\" alt=\"\" srcset=\"https:\/\/www.glassgourmet.es\/wp-content\/uploads\/2024\/06\/downloag.png 1080w, https:\/\/www.glassgourmet.es\/wp-content\/uploads\/2024\/06\/downloag-300x300.png 300w, https:\/\/www.glassgourmet.es\/wp-content\/uploads\/2024\/06\/downloag-1024x1024.png 1024w, https:\/\/www.glassgourmet.es\/wp-content\/uploads\/2024\/06\/downloag-150x150.png 150w, https:\/\/www.glassgourmet.es\/wp-content\/uploads\/2024\/06\/downloag-768x768.png 768w\" sizes=\"(max-width: 1080px) 100vw, 1080px\" \/>\t\t\t\t\t\t\t\t\t\t\t\t\t\t\t<\/div>\n\t\t\t\t<\/div>\n\t\t\t\t<div class=\"elementor-element elementor-element-efcea0e elementor-widget elementor-widget-heading\" data-id=\"efcea0e\" data-element_type=\"widget\" data-widget_type=\"heading.default\">\n\t\t\t\t<div class=\"elementor-widget-container\">\n\t\t\t\t\t<p class=\"elementor-heading-title elementor-size-default\">Descarregar el nostre cat\u00e0leg<\/p>\t\t\t\t<\/div>\n\t\t\t\t<\/div>\n\t\t\t\t<\/a>\n\t\t\t\t<div class=\"elementor-element elementor-element-5646a0c elementor-widget__width-inherit elementor-widget-tablet__width-inherit elementor-hidden-desktop elementor-hidden-tablet elementor-widget elementor-widget-heading\" data-id=\"5646a0c\" data-element_type=\"widget\" data-widget_type=\"heading.default\">\n\t\t\t\t<div class=\"elementor-widget-container\">\n\t\t\t\t\t<h2 class=\"elementor-heading-title elementor-size-default\">C\u00fapules<\/h2>\t\t\t\t<\/div>\n\t\t\t\t<\/div>\n\t\t<div class=\"elementor-element elementor-element-a568c24 e-con-full e-flex e-con e-child\" data-id=\"a568c24\" data-element_type=\"container\">\n\t\t\t\t<div class=\"elementor-element elementor-element-acbb05c elementor-widget elementor-widget-text-editor\" data-id=\"acbb05c\" data-element_type=\"widget\" data-widget_type=\"text-editor.default\">\n\t\t\t\t<div class=\"elementor-widget-container\">\n\t\t\t\t\t\t\t\t\t<div>La presentaci\u00f3 ho \u00e9s tot. A <strong>GlassGourmet<\/strong> elevem l&#8217;experi\u00e8ncia sensorial amb una col\u00b7lecci\u00f3 de <strong>c\u00fapules<\/strong> pensades per transformar cada servei en un espectacle. Dissenyades per <strong>a bartenders, xefs i professionals que entenen que el detall marca la difer\u00e8ncia<\/strong>, les nostres <strong>c\u00fapules<\/strong> no nom\u00e9s conserven aromes: els revelen en el moment just.<\/div><p>Fabricades en <strong>vidre d&#8217;alta resist\u00e8ncia<\/strong>, permeten t\u00e8cniques com el <strong>fumat en fred o l&#8217;aromatitzaci\u00f3 a taula amb ess\u00e8ncies, fustes o bot\u00e0nics<\/strong>. S\u00f3n compatibles amb generadors de fum (smoking guns) i estan decorades a m\u00e0, pe\u00e7a a pe\u00e7a, per aportar un toc distintiu i artesanal. Totes les nostres mat\u00e8ries primeres s\u00f3n aptes per a <strong>\u00fas alimentari i estan certificades segons la normativa vigent en seguretat aliment\u00e0ria.<\/strong><\/p><p>Com a complement, hem incorporat una selecci\u00f3 de bases dissenyades espec\u00edficament per real\u00e7ar la presentaci\u00f3 i assegurar l&#8217; estabilitat en cada servei. Una combinaci\u00f3 pensada perqu\u00e8 forma i funci\u00f3 parlin el mateix llenguatge.<\/p><p><strong>Explora una nova forma d&#8217;impressionar des del primer gest.<\/strong><\/p>\t\t\t\t\t\t\t\t<\/div>\n\t\t\t\t<\/div>\n\t\t\t\t<\/div>\n\t\t\t\t<div class=\"elementor-element elementor-element-7eb98ee elementor-widget__width-inherit elementor-widget-divider--view-line elementor-widget elementor-widget-divider\" data-id=\"7eb98ee\" data-element_type=\"widget\" data-widget_type=\"divider.default\">\n\t\t\t\t<div class=\"elementor-widget-container\">\n\t\t\t\t\t\t\t<div class=\"elementor-divider\">\n\t\t\t<span class=\"elementor-divider-separator\">\n\t\t\t\t\t\t<\/span>\n\t\t<\/div>\n\t\t\t\t\t\t<\/div>\n\t\t\t\t<\/div>\n\t\t\t\t\t<\/div>\n\t\t\t\t<\/div>\n\t\t<div class=\"elementor-element elementor-element-b5d2aa3 e-flex e-con-boxed e-con e-parent\" data-id=\"b5d2aa3\" data-element_type=\"container\">\n\t\t\t\t\t<div class=\"e-con-inner\">\n\t\t\t\t<div class=\"elementor-element elementor-element-2c26c80 elementor-widget elementor-widget-gallery\" data-id=\"2c26c80\" data-element_type=\"widget\" data-settings=\"{&quot;gallery_layout&quot;:&quot;masonry&quot;,&quot;columns&quot;:3,&quot;lazyload&quot;:&quot;yes&quot;,&quot;columns_tablet&quot;:2,&quot;columns_mobile&quot;:1,&quot;gap&quot;:{&quot;unit&quot;:&quot;px&quot;,&quot;size&quot;:10,&quot;sizes&quot;:[]},&quot;gap_tablet&quot;:{&quot;unit&quot;:&quot;px&quot;,&quot;size&quot;:10,&quot;sizes&quot;:[]},&quot;gap_mobile&quot;:{&quot;unit&quot;:&quot;px&quot;,&quot;size&quot;:10,&quot;sizes&quot;:[]},&quot;content_hover_animation&quot;:&quot;fade-in&quot;}\" data-widget_type=\"gallery.default\">\n\t\t\t\t<div class=\"elementor-widget-container\">\n\t\t\t\t\t\t\t<div class=\"elementor-gallery__container\">\n\t\t\t\t\t<\/div>\n\t\t\t\t\t<\/div>\n\t\t\t\t<\/div>\n\t\t\t\t\t<\/div>\n\t\t\t\t<\/div>\n\t\t\t\t<\/div>\n\t\t","protected":false},"excerpt":{"rendered":"<p>Descarregar el nostre cat\u00e0leg C\u00fapules La presentaci\u00f3 ho \u00e9s tot. A GlassGourmet elevem l&#8217;experi\u00e8ncia sensorial amb una col\u00b7lecci\u00f3 de c\u00fapules pensades per transformar cada servei en un espectacle. Dissenyades per a bartenders, xefs i professionals que entenen que el detall marca la difer\u00e8ncia, les nostres c\u00fapules no nom\u00e9s conserven aromes: els revelen en el moment [&hellip;]<\/p>\n","protected":false},"author":1,"featured_media":1302,"parent":0,"menu_order":0,"comment_status":"closed","ping_status":"closed","template":"","meta":{"_seopress_robots_primary_cat":"","_seopress_titles_title":"","_seopress_titles_desc":"","_seopress_robots_index":"","footnotes":""},"class_list":["post-1392","page","type-page","status-publish","has-post-thumbnail","hentry"],"_links":{"self":[{"href":"https:\/\/www.glassgourmet.es\/ca\/wp-json\/wp\/v2\/pages\/1392","targetHints":{"allow":["GET"]}}],"collection":[{"href":"https:\/\/www.glassgourmet.es\/ca\/wp-json\/wp\/v2\/pages"}],"about":[{"href":"https:\/\/www.glassgourmet.es\/ca\/wp-json\/wp\/v2\/types\/page"}],"author":[{"embeddable":true,"href":"https:\/\/www.glassgourmet.es\/ca\/wp-json\/wp\/v2\/users\/1"}],"replies":[{"embeddable":true,"href":"https:\/\/www.glassgourmet.es\/ca\/wp-json\/wp\/v2\/comments?post=1392"}],"version-history":[{"count":10,"href":"https:\/\/www.glassgourmet.es\/ca\/wp-json\/wp\/v2\/pages\/1392\/revisions"}],"predecessor-version":[{"id":1431,"href":"https:\/\/www.glassgourmet.es\/ca\/wp-json\/wp\/v2\/pages\/1392\/revisions\/1431"}],"wp:featuredmedia":[{"embeddable":true,"href":"https:\/\/www.glassgourmet.es\/ca\/wp-json\/wp\/v2\/media\/1302"}],"wp:attachment":[{"href":"https:\/\/www.glassgourmet.es\/ca\/wp-json\/wp\/v2\/media?parent=1392"}],"curies":[{"name":"wp","href":"https:\/\/api.w.org\/{rel}","templated":true}]}}